{"id":6552,"date":"2017-01-10T13:27:53","date_gmt":"2017-01-10T19:27:53","guid":{"rendered":"http:\/\/www.maquimetalica.com\/maquimetalica\/?page_id=6552"},"modified":"2024-02-13T15:51:19","modified_gmt":"2024-02-13T21:51:19","slug":"soldadura","status":"publish","type":"page","link":"http:\/\/www.maquimetalica.com\/maquimetalica\/soldadura\/","title":{"rendered":"Maquila de soldadura"},"content":{"rendered":"[vc_row type=&#8221;in_container&#8221; full_screen_row_position=&#8221;middle&#8221; bg_color=&#8221;#ffffff&#8221; scene_position=&#8221;center&#8221; text_color=&#8221;dark&#8221; text_align=&#8221;left&#8221; top_padding=&#8221;2%&#8221; bottom_padding=&#8221;2%&#8221; overlay_strength=&#8221;0.3&#8243;][vc_column column_padding=&#8221;padding-2-percent&#8221; column_padding_position=&#8221;top&#8221; background_color=&#8221;#ffffff&#8221; background_color_opacity=&#8221;1&#8243; background_hover_color_opacity=&#8221;1&#8243; top_margin=&#8221;-100&#8243; column_shadow=&#8221;none&#8221; width=&#8221;1\/1&#8243; tablet_text_alignment=&#8221;default&#8221; phone_text_alignment=&#8221;default&#8221; column_border_width=&#8221;none&#8221; column_border_style=&#8221;solid&#8221;][vc_column_text]\n<h1 style=\"text-align: center;\"><span style=\"color: #800000;\">Soldadura<\/span><\/h1>\n[\/vc_column_text][divider line_type=&#8221;No Line&#8221; custom_height=&#8221;15&#8243;][vc_row_inner column_margin=&#8221;default&#8221; text_align=&#8221;left&#8221;][vc_column_inner column_padding=&#8221;padding-3-percent&#8221; column_padding_position=&#8221;left-right&#8221; background_color_opacity=&#8221;1&#8243; width=&#8221;1\/1&#8243; column_border_width=&#8221;none&#8221; column_border_style=&#8221;solid&#8221;][vc_column_text]\n<p style=\"text-align: center; font-size: 16px; line-height: 24px; color: #777; font-weight: lighter;\">Ofrecemos un rango completo de trabajo en soldadura MIG, MAG y FCAW (electrodo) para acero al carb\u00f3n, acero inoxidable y aluminio. Nuestro personal, altamente capacitado, cuenta con a\u00f1os experiencia combinada y con equipos de soldadura semi-autom\u00e1ticos programables OTC Daihen, para asegurar que sus productos, piezas o ensambles son soldados con la mejor calidad, cumpliendo con las especificaciones requeridas.<\/p>\n[\/vc_column_text][\/vc_column_inner][\/vc_row_inner][vc_column_text]\n<p style=\"text-align: center;\"><a class=\"nectar-button n-sc-button large extra-color-1 has-icon regular-button\"  href=\"http:\/\/www.maquimetalica.com\/maquimetalica\/contacto\/\" data-color-override=\"false\" data-hover-color-override=\"false\" data-hover-text-color-override=\"#fff\"><span>Cotizar<\/span><i class=\"icon-button-arrow\"><\/i><\/a>\n[\/vc_column_text][\/vc_column][\/vc_row][vc_row type=&#8221;in_container&#8221; full_screen_row_position=&#8221;middle&#8221; scene_position=&#8221;center&#8221; text_color=&#8221;dark&#8221; text_align=&#8221;left&#8221; top_padding=&#8221;2%&#8221; overlay_strength=&#8221;0.3&#8243;][vc_column column_padding=&#8221;padding-2-percent&#8221; column_padding_position=&#8221;top&#8221; background_color_opacity=&#8221;1&#8243; background_hover_color_opacity=&#8221;1&#8243; column_shadow=&#8221;none&#8221; width=&#8221;1\/1&#8243; tablet_text_alignment=&#8221;default&#8221; phone_text_alignment=&#8221;default&#8221; column_border_width=&#8221;none&#8221; column_border_style=&#8221;solid&#8221;][vc_column_text]\n<h1 style=\"text-align: center;\"><span style=\"color: #777;\">Nuestras m\u00e1quinas<\/span><\/h1>\n[\/vc_column_text][divider line_type=&#8221;No Line&#8221; custom_height=&#8221;15&#8243;][vc_column_text]\n<p style=\"text-align: center; font-size: 16px; line-height: 24px; color: #777; font-weight: lighter;\">Contamos con una saoldadora marca OTC-Daihen, modelo DM350.<\/p>\n[\/vc_column_text][\/vc_column][\/vc_row][vc_row type=&#8221;full_width_content&#8221; full_screen_row_position=&#8221;middle&#8221; scene_position=&#8221;center&#8221; text_color=&#8221;dark&#8221; text_align=&#8221;left&#8221; top_padding=&#8221;5%&#8221; overlay_strength=&#8221;1&#8243;][vc_column column_padding=&#8221;padding-10-percent&#8221; column_padding_position=&#8221;left-right&#8221; background_color_opacity=&#8221;1&#8243; background_hover_color_opacity=&#8221;1&#8243; column_shadow=&#8221;none&#8221; width=&#8221;1\/1&#8243; tablet_text_alignment=&#8221;default&#8221; phone_text_alignment=&#8221;default&#8221; column_border_width=&#8221;none&#8221; column_border_style=&#8221;solid&#8221;][vc_row_inner column_margin=&#8221;default&#8221; text_align=&#8221;left&#8221;][vc_column_inner column_padding=&#8221;padding-1-percent&#8221; column_padding_position=&#8221;all&#8221; background_color_opacity=&#8221;1&#8243; width=&#8221;1\/2&#8243; column_border_width=&#8221;none&#8221; column_border_style=&#8221;solid&#8221;][vc_column_text]\n<h1 style=\"text-align: left; letter-spacing: 5px; color: #777; font-size: 25px; font-weight: normal;\">M\u00e1quina<\/h1>\n<hr style=\"border: 1px solid #fc652a;\" \/>\n[\/vc_column_text][divider line_type=&#8221;No Line&#8221; custom_height=&#8221;100&#8243;][image_with_animation image_url=&#8221;6558&#8243; alignment=&#8221;center&#8221; animation=&#8221;None&#8221; box_shadow=&#8221;none&#8221; max_width=&#8221;100%&#8221;][\/vc_column_inner][vc_column_inner column_padding=&#8221;padding-1-percent&#8221; column_padding_position=&#8221;all&#8221; background_color_opacity=&#8221;1&#8243; width=&#8221;1\/2&#8243; column_border_width=&#8221;none&#8221; column_border_style=&#8221;solid&#8221;][vc_column_text]\n<h1 style=\"text-align: left; letter-spacing: 5px; color: #777; font-size: 25px; font-weight: normal;\">Especificaciones<\/h1>\n<hr style=\"border: 1px solid #fc652a;\" \/>\n[\/vc_column_text][divider line_type=&#8221;No Line&#8221; custom_height=&#8221;100&#8243;][vc_column_text]\n<h4 style=\"color: #777;\">DM350<\/h4>\n<ul>\n<li>Procesos: MIG DC, MAG DC y FCAW<\/li>\n<li>Material: Acero al carb\u00f3n, acero inoxidable y aluminio<\/li>\n<li>Alimentaci\u00f3n (Volts) 208\/230\/460 &#8211; 1 fase y 230\/460 &#8211; 3 fases<\/li>\n<li>Rango (Amps.) 30 &#8211; 350<\/li>\n<li>N\u00famero de programas: 30<\/li>\n<li>Alimentador CM-741<\/li>\n<li>Antorcha WTCMU-3503<\/li>\n<\/ul>\n[\/vc_column_text][vc_column_text]<a id=\"a\" name=\"muestras\"><\/a>[\/vc_column_text][\/vc_column_inner][\/vc_row_inner][divider line_type=&#8221;No Line&#8221; custom_height=&#8221;30&#8243;][vc_row_inner column_margin=&#8221;default&#8221; text_align=&#8221;left&#8221;][vc_column_inner column_padding=&#8221;padding-1-percent&#8221; column_padding_position=&#8221;all&#8221; background_color_opacity=&#8221;1&#8243; width=&#8221;1\/2&#8243; column_border_width=&#8221;none&#8221; column_border_style=&#8221;solid&#8221;][image_with_animation image_url=&#8221;7069&#8243; alignment=&#8221;center&#8221; animation=&#8221;None&#8221; box_shadow=&#8221;none&#8221; max_width=&#8221;100%&#8221;][\/vc_column_inner][vc_column_inner column_padding=&#8221;padding-1-percent&#8221; column_padding_position=&#8221;all&#8221; background_color_opacity=&#8221;1&#8243; width=&#8221;1\/2&#8243; column_border_width=&#8221;none&#8221; column_border_style=&#8221;solid&#8221;][vc_column_text]\n<h4 style=\"color: #777;\">WB-P500L<\/h4>\n<ul>\n<li>Procesos: FCAW, MIG, MIG Pulsado, MAG, MAG Pulsado, CO2, TIG, Electrodo<\/li>\n<li>Material: Acero al carb\u00f3n, acero inoxidable y aluminio<\/li>\n<li>Alimentaci\u00f3n (Volts) 460 &#8211; 3 fases<\/li>\n<li>Rango (Amps.) 30 &#8211; 500<\/li>\n<li>N\u00famero de programas: 100<\/li>\n<li>Alimentador CM-742U<\/li>\n<li>Antorcha WT5000-MUT<\/li>\n<\/ul>\n[\/vc_column_text][vc_column_text]<a id=\"a\" name=\"muestras\"><\/a>[\/vc_column_text][\/vc_column_inner][\/vc_row_inner][divider line_type=&#8221;No Line&#8221; custom_height=&#8221;60&#8243;][vc_row_inner column_margin=&#8221;default&#8221; text_align=&#8221;left&#8221;][vc_column_inner column_padding=&#8221;padding-1-percent&#8221; column_padding_position=&#8221;all&#8221; background_color_opacity=&#8221;1&#8243; width=&#8221;1\/2&#8243; column_border_width=&#8221;none&#8221; column_border_style=&#8221;solid&#8221;][image_with_animation image_url=&#8221;7079&#8243; alignment=&#8221;center&#8221; animation=&#8221;None&#8221; box_shadow=&#8221;none&#8221; max_width=&#8221;100%&#8221;][\/vc_column_inner][vc_column_inner column_padding=&#8221;padding-1-percent&#8221; column_padding_position=&#8221;all&#8221; background_color_opacity=&#8221;1&#8243; width=&#8221;1\/2&#8243; column_border_width=&#8221;none&#8221; column_border_style=&#8221;solid&#8221;][divider line_type=&#8221;No Line&#8221; custom_height=&#8221;30&#8243;][vc_column_text]\n<h4 style=\"color: #777;\">FD-V6<\/h4>\n<ul>\n<li>N\u00famero de ejes: 6<\/li>\n<li>Capacidad m\u00e1xima: 13.23 lbs (6 kg)<\/li>\n<li>Repetitibilidad: \u00b10.003\u2033 (\u00b10.08 mm)<\/li>\n<li>Alcance horizontal: 55.29\u2033 (1,402 mm)<\/li>\n<li>Alcance vertical: 90.67\u2033 (2,430 mm)<\/li>\n<\/ul>\n[\/vc_column_text][\/vc_column_inner][\/vc_row_inner][\/vc_column][\/vc_row][vc_row type=&#8221;in_container&#8221; full_screen_row_position=&#8221;middle&#8221; scene_position=&#8221;center&#8221; text_color=&#8221;dark&#8221; text_align=&#8221;left&#8221; top_padding=&#8221;2%&#8221; overlay_strength=&#8221;0.3&#8243;][vc_column column_padding=&#8221;padding-2-percent&#8221; column_padding_position=&#8221;top&#8221; background_color_opacity=&#8221;1&#8243; background_hover_color_opacity=&#8221;1&#8243; column_shadow=&#8221;none&#8221; width=&#8221;1\/1&#8243; tablet_text_alignment=&#8221;default&#8221; phone_text_alignment=&#8221;default&#8221; column_border_width=&#8221;none&#8221; column_border_style=&#8221;solid&#8221;][divider line_type=&#8221;Full Width Line&#8221; line_thickness=&#8221;1&#8243; divider_color=&#8221;default&#8221; custom_height=&#8221;10&#8243;][\/vc_column][\/vc_row][vc_row type=&#8221;full_width_content&#8221; full_screen_row_position=&#8221;middle&#8221; bg_color=&#8221;#f46523&#8243; scene_position=&#8221;center&#8221; text_color=&#8221;dark&#8221; text_align=&#8221;left&#8221; top_padding=&#8221;8&#8243; overlay_strength=&#8221;0.3&#8243;][vc_column column_padding=&#8221;no-extra-padding&#8221; column_padding_position=&#8221;all&#8221; background_color_opacity=&#8221;1&#8243; background_hover_color_opacity=&#8221;1&#8243; column_shadow=&#8221;none&#8221; width=&#8221;1\/1&#8243; tablet_text_alignment=&#8221;default&#8221; phone_text_alignment=&#8221;default&#8221; column_border_width=&#8221;none&#8221; column_border_style=&#8221;solid&#8221;][\/vc_column][\/vc_row][vc_row type=&#8221;full_width_background&#8221; full_screen_row_position=&#8221;middle&#8221; bg_color=&#8221;#1c1c1c&#8221; scene_position=&#8221;center&#8221; text_color=&#8221;dark&#8221; text_align=&#8221;left&#8221; overlay_strength=&#8221;0.3&#8243;][vc_column centered_text=&#8221;true&#8221; column_padding=&#8221;padding-2-percent&#8221; column_padding_position=&#8221;all&#8221; background_color_opacity=&#8221;1&#8243; background_hover_color_opacity=&#8221;1&#8243; column_shadow=&#8221;none&#8221; width=&#8221;1\/1&#8243; tablet_text_alignment=&#8221;default&#8221; phone_text_alignment=&#8221;default&#8221; column_border_width=&#8221;none&#8221; column_border_style=&#8221;solid&#8221;][vc_column_text]\n<h1 style=\"text-align: center;\"><span style=\"color: #fff;\">Galer\u00eda<\/span><\/h1>\n[\/vc_column_text][divider line_type=&#8221;No Line&#8221; custom_height=&#8221;30&#8243;][vc_gallery type=&#8221;image_grid&#8221; images=&#8221;6561,6562,6563,6564,6565,6861&#8243; layout=&#8221;3&#8243; gallery_style=&#8221;5&#8243; load_in_animation=&#8221;none&#8221; img_size=&#8221;476&#215;270&#8243;][\/vc_column][\/vc_row][vc_row type=&#8221;full_width_content&#8221; full_screen_row_position=&#8221;middle&#8221; bg_color=&#8221;#f46523&#8243; scene_position=&#8221;center&#8221; text_color=&#8221;dark&#8221; text_align=&#8221;left&#8221; top_padding=&#8221;8&#8243; overlay_strength=&#8221;0.3&#8243;][vc_column column_padding=&#8221;no-extra-padding&#8221; column_padding_position=&#8221;all&#8221; background_color_opacity=&#8221;1&#8243; background_hover_color_opacity=&#8221;1&#8243; column_shadow=&#8221;none&#8221; width=&#8221;1\/1&#8243; tablet_text_alignment=&#8221;default&#8221; phone_text_alignment=&#8221;default&#8221; column_border_width=&#8221;none&#8221; column_border_style=&#8221;solid&#8221;][\/vc_column][\/vc_row][vc_row type=&#8221;full_width_content&#8221; full_screen_row_position=&#8221;middle&#8221; bg_image=&#8221;6846&#8243; bg_position=&#8221;center center&#8221; bg_repeat=&#8221;no-repeat&#8221; parallax_bg=&#8221;true&#8221; parallax_bg_speed=&#8221;slow&#8221; scene_position=&#8221;center&#8221; text_color=&#8221;light&#8221; text_align=&#8221;left&#8221; top_padding=&#8221;5%&#8221; overlay_strength=&#8221;1&#8243;][vc_column centered_text=&#8221;true&#8221; column_padding=&#8221;padding-15-percent&#8221; column_padding_position=&#8221;all&#8221; background_color_opacity=&#8221;1&#8243; background_hover_color_opacity=&#8221;1&#8243; column_shadow=&#8221;none&#8221; width=&#8221;1\/1&#8243; tablet_text_alignment=&#8221;default&#8221; phone_text_alignment=&#8221;default&#8221; column_border_width=&#8221;none&#8221; column_border_style=&#8221;solid&#8221;][nectar_video_lightbox link_style=&#8221;play_button&#8221; video_url=&#8221;https:\/\/vimeo.com\/211688355&#8243;][\/vc_column][\/vc_row]\n","protected":false},"excerpt":{"rendered":"<p>[vc_row type=&#8221;in_container&#8221; full_screen_row_position=&#8221;middle&#8221; bg_color=&#8221;#ffffff&#8221; scene_position=&#8221;center&#8221; text_color=&#8221;dark&#8221; text_align=&#8221;left&#8221; top_padding=&#8221;2%&#8221; bottom_padding=&#8221;2%&#8221; overlay_strength=&#8221;0.3&#8243;][vc_column column_padding=&#8221;padding-2-percent&#8221; column_padding_position=&#8221;top&#8221; background_color=&#8221;#ffffff&#8221; background_color_opacity=&#8221;1&#8243; background_hover_color_opacity=&#8221;1&#8243; top_margin=&#8221;-100&#8243; column_shadow=&#8221;none&#8221; width=&#8221;1\/1&#8243; tablet_text_alignment=&#8221;default&#8221; phone_text_alignment=&#8221;default&#8221; column_border_width=&#8221;none&#8221; column_border_style=&#8221;solid&#8221;][vc_column_text] Soldadura [\/vc_column_text][divider line_type=&#8221;No Line&#8221; custom_height=&#8221;15&#8243;][vc_row_inner column_margin=&#8221;default&#8221; text_align=&#8221;left&#8221;][vc_column_inner column_padding=&#8221;padding-3-percent&#8221;&#8230;<\/p>\n","protected":false},"author":1,"featured_media":0,"parent":0,"menu_order":0,"comment_status":"closed","ping_status":"closed","template":"","meta":{"footnotes":""},"class_list":["post-6552","page","type-page","status-publish"],"yoast_head":"<!-- This site is optimized with the Yoast SEO plugin v26.8 - https:\/\/yoast.com\/product\/yoast-seo-wordpress\/ -->\n<title>Maquila de soldadura \u2022 Maquimet\u00e1lica - Maquila de piezas met\u00e1licas<\/title>\n<meta name=\"description\" content=\"Ofrecemos un rango completo de trabajo en soldadura MIG, MAG y FCAW (electrodo) para acero al carb\u00f3n, acero inoxidable y aluminio con equipos OTC Daihen.\" \/>\n<meta name=\"robots\" content=\"index, follow, max-snippet:-1, max-image-preview:large, max-video-preview:-1\" \/>\n<link rel=\"canonical\" href=\"https:\/\/www.maquimetalica.com\/maquimetalica\/soldadura\/\" \/>\n<meta property=\"og:locale\" content=\"es_MX\" \/>\n<meta property=\"og:type\" content=\"article\" \/>\n<meta property=\"og:title\" content=\"Maquila de soldadura \u2022 Maquimet\u00e1lica - Maquila de piezas met\u00e1licas\" \/>\n<meta property=\"og:description\" content=\"Ofrecemos un rango completo de trabajo en soldadura MIG, MAG y FCAW (electrodo) para acero al carb\u00f3n, acero inoxidable y aluminio con equipos OTC Daihen.\" \/>\n<meta property=\"og:url\" content=\"https:\/\/www.maquimetalica.com\/maquimetalica\/soldadura\/\" \/>\n<meta property=\"og:site_name\" content=\"Maquimet\u00e1lica\" \/>\n<meta property=\"article:publisher\" content=\"https:\/\/www.facebook.com\/Maquimetalica\/\" \/>\n<meta property=\"article:modified_time\" content=\"2024-02-13T21:51:19+00:00\" \/>\n<meta name=\"twitter:card\" content=\"summary_large_image\" \/>\n<meta name=\"twitter:label1\" content=\"Tiempo de lectura\" \/>\n\t<meta name=\"twitter:data1\" content=\"9 minutos\" \/>\n<script type=\"application\/ld+json\" class=\"yoast-schema-graph\">{\"@context\":\"https:\/\/schema.org\",\"@graph\":[{\"@type\":\"WebPage\",\"@id\":\"https:\/\/www.maquimetalica.com\/maquimetalica\/soldadura\/\",\"url\":\"https:\/\/www.maquimetalica.com\/maquimetalica\/soldadura\/\",\"name\":\"Maquila de soldadura \u2022 Maquimet\u00e1lica - Maquila de piezas met\u00e1licas\",\"isPartOf\":{\"@id\":\"http:\/\/www.maquimetalica.com\/maquimetalica\/#website\"},\"datePublished\":\"2017-01-10T19:27:53+00:00\",\"dateModified\":\"2024-02-13T21:51:19+00:00\",\"description\":\"Ofrecemos un rango completo de trabajo en soldadura MIG, MAG y FCAW (electrodo) para acero al carb\u00f3n, acero inoxidable y aluminio con equipos OTC Daihen.\",\"breadcrumb\":{\"@id\":\"https:\/\/www.maquimetalica.com\/maquimetalica\/soldadura\/#breadcrumb\"},\"inLanguage\":\"es\",\"potentialAction\":[{\"@type\":\"ReadAction\",\"target\":[\"https:\/\/www.maquimetalica.com\/maquimetalica\/soldadura\/\"]}]},{\"@type\":\"BreadcrumbList\",\"@id\":\"https:\/\/www.maquimetalica.com\/maquimetalica\/soldadura\/#breadcrumb\",\"itemListElement\":[{\"@type\":\"ListItem\",\"position\":1,\"name\":\"Inicio\",\"item\":\"https:\/\/www.maquimetalica.com\/maquimetalica\/\"},{\"@type\":\"ListItem\",\"position\":2,\"name\":\"Maquila de soldadura\"}]},{\"@type\":\"WebSite\",\"@id\":\"http:\/\/www.maquimetalica.com\/maquimetalica\/#website\",\"url\":\"http:\/\/www.maquimetalica.com\/maquimetalica\/\",\"name\":\"Maquimet\u00e1lica\",\"description\":\"Su Soluci\u00f3n en Maquila de Corte, Punzonado, Doblez y Soldadura\",\"publisher\":{\"@id\":\"http:\/\/www.maquimetalica.com\/maquimetalica\/#organization\"},\"potentialAction\":[{\"@type\":\"SearchAction\",\"target\":{\"@type\":\"EntryPoint\",\"urlTemplate\":\"http:\/\/www.maquimetalica.com\/maquimetalica\/?s={search_term_string}\"},\"query-input\":{\"@type\":\"PropertyValueSpecification\",\"valueRequired\":true,\"valueName\":\"search_term_string\"}}],\"inLanguage\":\"es\"},{\"@type\":\"Organization\",\"@id\":\"http:\/\/www.maquimetalica.com\/maquimetalica\/#organization\",\"name\":\"Maquimet\u00e1lica - Maquila de piezas met\u00e1licas\",\"url\":\"http:\/\/www.maquimetalica.com\/maquimetalica\/\",\"logo\":{\"@type\":\"ImageObject\",\"inLanguage\":\"es\",\"@id\":\"http:\/\/www.maquimetalica.com\/maquimetalica\/#\/schema\/logo\/image\/\",\"url\":\"https:\/\/www.maquimetalica.com\/maquimetalica\/wp-content\/uploads\/2016\/12\/Logotipo-Maquimetalica-2016.png\",\"contentUrl\":\"https:\/\/www.maquimetalica.com\/maquimetalica\/wp-content\/uploads\/2016\/12\/Logotipo-Maquimetalica-2016.png\",\"width\":288,\"height\":133,\"caption\":\"Maquimet\u00e1lica - Maquila de piezas met\u00e1licas\"},\"image\":{\"@id\":\"http:\/\/www.maquimetalica.com\/maquimetalica\/#\/schema\/logo\/image\/\"},\"sameAs\":[\"https:\/\/www.facebook.com\/Maquimetalica\/\",\"https:\/\/www.linkedin.com\/company-beta\/16231563\/\"]}]}<\/script>\n<!-- \/ Yoast SEO plugin. -->","yoast_head_json":{"title":"Maquila de soldadura \u2022 Maquimet\u00e1lica - Maquila de piezas met\u00e1licas","description":"Ofrecemos un rango completo de trabajo en soldadura MIG, MAG y FCAW (electrodo) para acero al carb\u00f3n, acero inoxidable y aluminio con equipos OTC Daihen.","robots":{"index":"index","follow":"follow","max-snippet":"max-snippet:-1","max-image-preview":"max-image-preview:large","max-video-preview":"max-video-preview:-1"},"canonical":"https:\/\/www.maquimetalica.com\/maquimetalica\/soldadura\/","og_locale":"es_MX","og_type":"article","og_title":"Maquila de soldadura \u2022 Maquimet\u00e1lica - Maquila de piezas met\u00e1licas","og_description":"Ofrecemos un rango completo de trabajo en soldadura MIG, MAG y FCAW (electrodo) para acero al carb\u00f3n, acero inoxidable y aluminio con equipos OTC Daihen.","og_url":"https:\/\/www.maquimetalica.com\/maquimetalica\/soldadura\/","og_site_name":"Maquimet\u00e1lica","article_publisher":"https:\/\/www.facebook.com\/Maquimetalica\/","article_modified_time":"2024-02-13T21:51:19+00:00","twitter_card":"summary_large_image","twitter_misc":{"Tiempo de lectura":"9 minutos"},"schema":{"@context":"https:\/\/schema.org","@graph":[{"@type":"WebPage","@id":"https:\/\/www.maquimetalica.com\/maquimetalica\/soldadura\/","url":"https:\/\/www.maquimetalica.com\/maquimetalica\/soldadura\/","name":"Maquila de soldadura \u2022 Maquimet\u00e1lica - Maquila de piezas met\u00e1licas","isPartOf":{"@id":"http:\/\/www.maquimetalica.com\/maquimetalica\/#website"},"datePublished":"2017-01-10T19:27:53+00:00","dateModified":"2024-02-13T21:51:19+00:00","description":"Ofrecemos un rango completo de trabajo en soldadura MIG, MAG y FCAW (electrodo) para acero al carb\u00f3n, acero inoxidable y aluminio con equipos OTC Daihen.","breadcrumb":{"@id":"https:\/\/www.maquimetalica.com\/maquimetalica\/soldadura\/#breadcrumb"},"inLanguage":"es","potentialAction":[{"@type":"ReadAction","target":["https:\/\/www.maquimetalica.com\/maquimetalica\/soldadura\/"]}]},{"@type":"BreadcrumbList","@id":"https:\/\/www.maquimetalica.com\/maquimetalica\/soldadura\/#breadcrumb","itemListElement":[{"@type":"ListItem","position":1,"name":"Inicio","item":"https:\/\/www.maquimetalica.com\/maquimetalica\/"},{"@type":"ListItem","position":2,"name":"Maquila de soldadura"}]},{"@type":"WebSite","@id":"http:\/\/www.maquimetalica.com\/maquimetalica\/#website","url":"http:\/\/www.maquimetalica.com\/maquimetalica\/","name":"Maquimet\u00e1lica","description":"Su Soluci\u00f3n en Maquila de Corte, Punzonado, Doblez y Soldadura","publisher":{"@id":"http:\/\/www.maquimetalica.com\/maquimetalica\/#organization"},"potentialAction":[{"@type":"SearchAction","target":{"@type":"EntryPoint","urlTemplate":"http:\/\/www.maquimetalica.com\/maquimetalica\/?s={search_term_string}"},"query-input":{"@type":"PropertyValueSpecification","valueRequired":true,"valueName":"search_term_string"}}],"inLanguage":"es"},{"@type":"Organization","@id":"http:\/\/www.maquimetalica.com\/maquimetalica\/#organization","name":"Maquimet\u00e1lica - Maquila de piezas met\u00e1licas","url":"http:\/\/www.maquimetalica.com\/maquimetalica\/","logo":{"@type":"ImageObject","inLanguage":"es","@id":"http:\/\/www.maquimetalica.com\/maquimetalica\/#\/schema\/logo\/image\/","url":"https:\/\/www.maquimetalica.com\/maquimetalica\/wp-content\/uploads\/2016\/12\/Logotipo-Maquimetalica-2016.png","contentUrl":"https:\/\/www.maquimetalica.com\/maquimetalica\/wp-content\/uploads\/2016\/12\/Logotipo-Maquimetalica-2016.png","width":288,"height":133,"caption":"Maquimet\u00e1lica - Maquila de piezas met\u00e1licas"},"image":{"@id":"http:\/\/www.maquimetalica.com\/maquimetalica\/#\/schema\/logo\/image\/"},"sameAs":["https:\/\/www.facebook.com\/Maquimetalica\/","https:\/\/www.linkedin.com\/company-beta\/16231563\/"]}]}},"_links":{"self":[{"href":"http:\/\/www.maquimetalica.com\/maquimetalica\/wp-json\/wp\/v2\/pages\/6552","targetHints":{"allow":["GET"]}}],"collection":[{"href":"http:\/\/www.maquimetalica.com\/maquimetalica\/wp-json\/wp\/v2\/pages"}],"about":[{"href":"http:\/\/www.maquimetalica.com\/maquimetalica\/wp-json\/wp\/v2\/types\/page"}],"author":[{"embeddable":true,"href":"http:\/\/www.maquimetalica.com\/maquimetalica\/wp-json\/wp\/v2\/users\/1"}],"replies":[{"embeddable":true,"href":"http:\/\/www.maquimetalica.com\/maquimetalica\/wp-json\/wp\/v2\/comments?post=6552"}],"version-history":[{"count":0,"href":"http:\/\/www.maquimetalica.com\/maquimetalica\/wp-json\/wp\/v2\/pages\/6552\/revisions"}],"wp:attachment":[{"href":"http:\/\/www.maquimetalica.com\/maquimetalica\/wp-json\/wp\/v2\/media?parent=6552"}],"curies":[{"name":"wp","href":"https:\/\/api.w.org\/{rel}","templated":true}]}}