{"id":6588,"date":"2017-01-10T17:19:07","date_gmt":"2017-01-10T23:19:07","guid":{"rendered":"http:\/\/www.maquimetalica.com\/maquimetalica\/?page_id=6588"},"modified":"2023-12-06T16:59:50","modified_gmt":"2023-12-06T22:59:50","slug":"contacto","status":"publish","type":"page","link":"http:\/\/www.maquimetalica.com\/maquimetalica\/contacto\/","title":{"rendered":"Contacto"},"content":{"rendered":"[vc_row type=&#8221;full_width_content&#8221; full_screen_row_position=&#8221;middle&#8221; scene_position=&#8221;center&#8221; text_color=&#8221;dark&#8221; text_align=&#8221;left&#8221; overlay_strength=&#8221;0.3&#8243;][vc_column column_padding=&#8221;no-extra-padding&#8221; column_padding_position=&#8221;all&#8221; background_color_opacity=&#8221;1&#8243; background_hover_color_opacity=&#8221;1&#8243; column_shadow=&#8221;none&#8221; width=&#8221;1\/1&#8243; tablet_text_alignment=&#8221;default&#8221; phone_text_alignment=&#8221;default&#8221; column_border_width=&#8221;none&#8221; column_border_style=&#8221;solid&#8221;][vc_column_text]<iframe loading=\"lazy\" style=\"border: 0;\" src=\"https:\/\/www.google.com\/maps\/embed?pb=!1m18!1m12!1m3!1d3760.8513538475563!2d-99.16937168465127!3d19.505030043413896!2m3!1f0!2f0!3f0!3m2!1i1024!2i768!4f13.1!3m3!1m2!1s0x85d1f83fcf4d0f81%3A0xe7f99319a3a50c97!2sMaquimet%C3%A1lica!5e0!3m2!1ses-419!2ses!4v1484089449701\" width=\"100%\" height=\"400\" frameborder=\"0\" allowfullscreen=\"allowfullscreen\"><\/iframe>[\/vc_column_text][\/vc_column][\/vc_row][vc_row type=&#8221;full_width_content&#8221; full_screen_row_position=&#8221;middle&#8221; bg_color=&#8221;#940813ff&#8221; scene_position=&#8221;center&#8221; text_color=&#8221;dark&#8221; text_align=&#8221;left&#8221; overlay_strength=&#8221;0.3&#8243;][vc_column column_padding=&#8221;no-extra-padding&#8221; column_padding_position=&#8221;all&#8221; background_color_opacity=&#8221;1&#8243; background_hover_color_opacity=&#8221;1&#8243; column_shadow=&#8221;none&#8221; width=&#8221;1\/1&#8243; tablet_text_alignment=&#8221;default&#8221; phone_text_alignment=&#8221;default&#8221; column_border_width=&#8221;none&#8221; column_border_style=&#8221;solid&#8221;][divider line_type=&#8221;No Line&#8221; custom_height=&#8221;30&#8243;][vc_column_text]\n<h1 style=\"text-align: center;\"><span style=\"color: #fff;\">Maquimet\u00e1lica<\/span><\/h1>\n<h3 style=\"text-align: center; font-weight: lighter; line-height: 28px; color: #fff;\">Poniente 150 # 838 Bodega 6, Col. Industrial Vallejo<br \/>Azcapotzalco, Ciudad de M\u00e9xico.<br \/>Tel. (55) 5567-2321 \/ ventas@maquimetalica.com.mx<\/h3>\n[\/vc_column_text][divider line_type=&#8221;No Line&#8221; custom_height=&#8221;30&#8243;][\/vc_column][\/vc_row][vc_row type=&#8221;in_container&#8221; full_screen_row_position=&#8221;middle&#8221; scene_position=&#8221;center&#8221; text_color=&#8221;dark&#8221; text_align=&#8221;left&#8221; overlay_strength=&#8221;0.3&#8243;][vc_column column_padding=&#8221;no-extra-padding&#8221; column_padding_position=&#8221;all&#8221; background_color_opacity=&#8221;1&#8243; background_hover_color_opacity=&#8221;1&#8243; column_shadow=&#8221;none&#8221; width=&#8221;1\/1&#8243; tablet_text_alignment=&#8221;default&#8221; phone_text_alignment=&#8221;default&#8221; column_border_width=&#8221;none&#8221; column_border_style=&#8221;solid&#8221;][divider line_type=&#8221;No Line&#8221; custom_height=&#8221;50&#8243;][vc_column_text]\n<h1 style=\"text-align: center;\"><span style=\"color: #777;\">Solicitar cotizaci\u00f3n<\/span><\/h1>\n[\/vc_column_text][vc_column_text]<a name=\"paso-3\"><\/a>[\/vc_column_text][vc_column_text]<a name=\"paso-2\"><\/a>[\/vc_column_text][\/vc_column][\/vc_row]\n\n\n<div class=\"wp-block-columns is-layout-flex wp-container-core-columns-is-layout-9d6595d7 wp-block-columns-is-layout-flex\">\n<div class=\"wp-block-column is-layout-flow wp-block-column-is-layout-flow\" style=\"flex-basis:25%\"><\/div>\n\n\n\n<div class=\"wp-block-column is-layout-flow wp-block-column-is-layout-flow\" style=\"flex-basis:50%\">\n<div class=\"wp-block-contact-form-7-contact-form-selector\">\n<div class=\"wpcf7 no-js\" id=\"wpcf7-f10291-o1\" lang=\"es-MX\" dir=\"ltr\" data-wpcf7-id=\"10291\">\n<div class=\"screen-reader-response\"><p role=\"status\" aria-live=\"polite\" aria-atomic=\"true\"><\/p> <ul><\/ul><\/div>\n<form action=\"\/maquimetalica\/wp-json\/wp\/v2\/pages\/6588#wpcf7-f10291-o1\" method=\"post\" class=\"wpcf7-form init\" aria-label=\"Formulario de contacto\" novalidate=\"novalidate\" data-status=\"init\">\n<fieldset class=\"hidden-fields-container\"><input type=\"hidden\" name=\"_wpcf7\" value=\"10291\" \/><input type=\"hidden\" name=\"_wpcf7_version\" value=\"6.1.4\" \/><input type=\"hidden\" name=\"_wpcf7_locale\" value=\"es_MX\" \/><input type=\"hidden\" name=\"_wpcf7_unit_tag\" value=\"wpcf7-f10291-o1\" \/><input type=\"hidden\" name=\"_wpcf7_container_post\" value=\"0\" \/><input type=\"hidden\" name=\"_wpcf7_posted_data_hash\" value=\"\" \/><input type=\"hidden\" name=\"_wpcf7_recaptcha_response\" value=\"\" \/>\n<\/fieldset>\n<p><label> *Nombre<br \/>\n<span class=\"wpcf7-form-control-wrap\" data-name=\"your-name\"><input size=\"40\" maxlength=\"400\" class=\"wpcf7-form-control wpcf7-text wpcf7-validates-as-required\" autocomplete=\"name\" aria-required=\"true\" aria-invalid=\"false\" value=\"\" type=\"text\" name=\"your-name\" \/><\/span> <\/label>\n<\/p>\n<p><label> *Empresa<br \/>\n<span class=\"wpcf7-form-control-wrap\" data-name=\"your-company\"><input size=\"40\" maxlength=\"400\" class=\"wpcf7-form-control wpcf7-text wpcf7-validates-as-required\" autocomplete=\"company\" aria-required=\"true\" aria-invalid=\"false\" value=\"\" type=\"text\" name=\"your-company\" \/><\/span> <\/label>\n<\/p>\n<p><label> *Email<br \/>\n<span class=\"wpcf7-form-control-wrap\" data-name=\"your-email\"><input size=\"40\" maxlength=\"400\" class=\"wpcf7-form-control wpcf7-email wpcf7-validates-as-required wpcf7-text wpcf7-validates-as-email\" autocomplete=\"email\" aria-required=\"true\" aria-invalid=\"false\" value=\"\" type=\"email\" name=\"your-email\" \/><\/span> <\/label>\n<\/p>\n<p><label> *Tel\u00e9fono<br \/>\n<span class=\"wpcf7-form-control-wrap\" data-name=\"your-phone\"><input size=\"40\" maxlength=\"400\" class=\"wpcf7-form-control wpcf7-tel wpcf7-validates-as-required wpcf7-text wpcf7-validates-as-tel\" aria-required=\"true\" aria-invalid=\"false\" value=\"\" type=\"tel\" name=\"your-phone\" \/><\/span> <\/label>\n<\/p>\n<p><label> Descripci\u00f3n de su proyecto (opcional)<br \/>\n<span class=\"wpcf7-form-control-wrap\" data-name=\"your-message\"><textarea cols=\"40\" rows=\"10\" maxlength=\"2000\" class=\"wpcf7-form-control wpcf7-textarea\" aria-invalid=\"false\" name=\"your-message\"><\/textarea><\/span> <\/label>\n<\/p>\n<p><input class=\"wpcf7-form-control wpcf7-submit has-spinner\" type=\"submit\" value=\"Enviar\" \/>\n<\/p><div class=\"wpcf7-response-output\" aria-hidden=\"true\"><\/div>\n<\/form>\n<\/div>\n<\/div>\n<\/div>\n\n\n\n<div class=\"wp-block-column is-layout-flow wp-block-column-is-layout-flow\" style=\"flex-basis:25%\"><\/div>\n<\/div>\n","protected":false},"excerpt":{"rendered":"<p>[vc_row type=&#8221;full_width_content&#8221; full_screen_row_position=&#8221;middle&#8221; scene_position=&#8221;center&#8221; text_color=&#8221;dark&#8221; text_align=&#8221;left&#8221; overlay_strength=&#8221;0.3&#8243;][vc_column column_padding=&#8221;no-extra-padding&#8221; column_padding_position=&#8221;all&#8221; background_color_opacity=&#8221;1&#8243; background_hover_color_opacity=&#8221;1&#8243; column_shadow=&#8221;none&#8221; width=&#8221;1\/1&#8243; tablet_text_alignment=&#8221;default&#8221; phone_text_alignment=&#8221;default&#8221; column_border_width=&#8221;none&#8221; column_border_style=&#8221;solid&#8221;][vc_column_text][\/vc_column_text][\/vc_column][\/vc_row][vc_row type=&#8221;full_width_content&#8221; full_screen_row_position=&#8221;middle&#8221; bg_color=&#8221;#940813ff&#8221; scene_position=&#8221;center&#8221; text_color=&#8221;dark&#8221; text_align=&#8221;left&#8221; overlay_strength=&#8221;0.3&#8243;][vc_column column_padding=&#8221;no-extra-padding&#8221; column_padding_position=&#8221;all&#8221; background_color_opacity=&#8221;1&#8243; background_hover_color_opacity=&#8221;1&#8243; column_shadow=&#8221;none&#8221; width=&#8221;1\/1&#8243;&#8230;<\/p>\n","protected":false},"author":1,"featured_media":0,"parent":0,"menu_order":0,"comment_status":"closed","ping_status":"closed","template":"","meta":{"footnotes":""},"class_list":["post-6588","page","type-page","status-publish"],"yoast_head":"<!-- This site is optimized with the Yoast SEO plugin v26.8 - https:\/\/yoast.com\/product\/yoast-seo-wordpress\/ -->\n<title>Contacto \u2022 Maquimet\u00e1lica - Maquila de piezas met\u00e1licas<\/title>\n<meta name=\"description\" content=\"Poniente 150 # 838 Bodega 6, Col. Industrial Vallejo Azcapotzalco, Ciudad de M\u00e9xico. Tel. (55) 5567-2321 \/ maquimetalica@mercadomachinery.com\" \/>\n<meta name=\"robots\" content=\"index, follow, max-snippet:-1, max-image-preview:large, max-video-preview:-1\" \/>\n<link rel=\"canonical\" href=\"https:\/\/www.maquimetalica.com\/maquimetalica\/contacto\/\" \/>\n<meta property=\"og:locale\" content=\"es_MX\" \/>\n<meta property=\"og:type\" content=\"article\" \/>\n<meta property=\"og:title\" content=\"Contacto \u2022 Maquimet\u00e1lica - Maquila de piezas met\u00e1licas\" \/>\n<meta property=\"og:description\" content=\"Poniente 150 # 838 Bodega 6, Col. Industrial Vallejo Azcapotzalco, Ciudad de M\u00e9xico. Tel. (55) 5567-2321 \/ maquimetalica@mercadomachinery.com\" \/>\n<meta property=\"og:url\" content=\"https:\/\/www.maquimetalica.com\/maquimetalica\/contacto\/\" \/>\n<meta property=\"og:site_name\" content=\"Maquimet\u00e1lica\" \/>\n<meta property=\"article:publisher\" content=\"https:\/\/www.facebook.com\/Maquimetalica\/\" \/>\n<meta property=\"article:modified_time\" content=\"2023-12-06T22:59:50+00:00\" \/>\n<meta name=\"twitter:card\" content=\"summary_large_image\" \/>\n<meta name=\"twitter:label1\" content=\"Tiempo de lectura\" \/>\n\t<meta name=\"twitter:data1\" content=\"1 minuto\" \/>\n<script type=\"application\/ld+json\" class=\"yoast-schema-graph\">{\"@context\":\"https:\/\/schema.org\",\"@graph\":[{\"@type\":\"WebPage\",\"@id\":\"https:\/\/www.maquimetalica.com\/maquimetalica\/contacto\/\",\"url\":\"https:\/\/www.maquimetalica.com\/maquimetalica\/contacto\/\",\"name\":\"Contacto \u2022 Maquimet\u00e1lica - Maquila de piezas met\u00e1licas\",\"isPartOf\":{\"@id\":\"http:\/\/www.maquimetalica.com\/maquimetalica\/#website\"},\"datePublished\":\"2017-01-10T23:19:07+00:00\",\"dateModified\":\"2023-12-06T22:59:50+00:00\",\"description\":\"Poniente 150 # 838 Bodega 6, Col. Industrial Vallejo Azcapotzalco, Ciudad de M\u00e9xico. Tel. (55) 5567-2321 \/ maquimetalica@mercadomachinery.com\",\"breadcrumb\":{\"@id\":\"https:\/\/www.maquimetalica.com\/maquimetalica\/contacto\/#breadcrumb\"},\"inLanguage\":\"es\",\"potentialAction\":[{\"@type\":\"ReadAction\",\"target\":[\"https:\/\/www.maquimetalica.com\/maquimetalica\/contacto\/\"]}]},{\"@type\":\"BreadcrumbList\",\"@id\":\"https:\/\/www.maquimetalica.com\/maquimetalica\/contacto\/#breadcrumb\",\"itemListElement\":[{\"@type\":\"ListItem\",\"position\":1,\"name\":\"Inicio\",\"item\":\"https:\/\/www.maquimetalica.com\/maquimetalica\/\"},{\"@type\":\"ListItem\",\"position\":2,\"name\":\"Contacto\"}]},{\"@type\":\"WebSite\",\"@id\":\"http:\/\/www.maquimetalica.com\/maquimetalica\/#website\",\"url\":\"http:\/\/www.maquimetalica.com\/maquimetalica\/\",\"name\":\"Maquimet\u00e1lica\",\"description\":\"Su Soluci\u00f3n en Maquila de Corte, Punzonado, Doblez y Soldadura\",\"publisher\":{\"@id\":\"http:\/\/www.maquimetalica.com\/maquimetalica\/#organization\"},\"potentialAction\":[{\"@type\":\"SearchAction\",\"target\":{\"@type\":\"EntryPoint\",\"urlTemplate\":\"http:\/\/www.maquimetalica.com\/maquimetalica\/?s={search_term_string}\"},\"query-input\":{\"@type\":\"PropertyValueSpecification\",\"valueRequired\":true,\"valueName\":\"search_term_string\"}}],\"inLanguage\":\"es\"},{\"@type\":\"Organization\",\"@id\":\"http:\/\/www.maquimetalica.com\/maquimetalica\/#organization\",\"name\":\"Maquimet\u00e1lica - Maquila de piezas met\u00e1licas\",\"url\":\"http:\/\/www.maquimetalica.com\/maquimetalica\/\",\"logo\":{\"@type\":\"ImageObject\",\"inLanguage\":\"es\",\"@id\":\"http:\/\/www.maquimetalica.com\/maquimetalica\/#\/schema\/logo\/image\/\",\"url\":\"https:\/\/www.maquimetalica.com\/maquimetalica\/wp-content\/uploads\/2016\/12\/Logotipo-Maquimetalica-2016.png\",\"contentUrl\":\"https:\/\/www.maquimetalica.com\/maquimetalica\/wp-content\/uploads\/2016\/12\/Logotipo-Maquimetalica-2016.png\",\"width\":288,\"height\":133,\"caption\":\"Maquimet\u00e1lica - Maquila de piezas met\u00e1licas\"},\"image\":{\"@id\":\"http:\/\/www.maquimetalica.com\/maquimetalica\/#\/schema\/logo\/image\/\"},\"sameAs\":[\"https:\/\/www.facebook.com\/Maquimetalica\/\",\"https:\/\/www.linkedin.com\/company-beta\/16231563\/\"]}]}<\/script>\n<!-- \/ Yoast SEO plugin. -->","yoast_head_json":{"title":"Contacto \u2022 Maquimet\u00e1lica - Maquila de piezas met\u00e1licas","description":"Poniente 150 # 838 Bodega 6, Col. Industrial Vallejo Azcapotzalco, Ciudad de M\u00e9xico. Tel. (55) 5567-2321 \/ maquimetalica@mercadomachinery.com","robots":{"index":"index","follow":"follow","max-snippet":"max-snippet:-1","max-image-preview":"max-image-preview:large","max-video-preview":"max-video-preview:-1"},"canonical":"https:\/\/www.maquimetalica.com\/maquimetalica\/contacto\/","og_locale":"es_MX","og_type":"article","og_title":"Contacto \u2022 Maquimet\u00e1lica - Maquila de piezas met\u00e1licas","og_description":"Poniente 150 # 838 Bodega 6, Col. Industrial Vallejo Azcapotzalco, Ciudad de M\u00e9xico. Tel. (55) 5567-2321 \/ maquimetalica@mercadomachinery.com","og_url":"https:\/\/www.maquimetalica.com\/maquimetalica\/contacto\/","og_site_name":"Maquimet\u00e1lica","article_publisher":"https:\/\/www.facebook.com\/Maquimetalica\/","article_modified_time":"2023-12-06T22:59:50+00:00","twitter_card":"summary_large_image","twitter_misc":{"Tiempo de lectura":"1 minuto"},"schema":{"@context":"https:\/\/schema.org","@graph":[{"@type":"WebPage","@id":"https:\/\/www.maquimetalica.com\/maquimetalica\/contacto\/","url":"https:\/\/www.maquimetalica.com\/maquimetalica\/contacto\/","name":"Contacto \u2022 Maquimet\u00e1lica - Maquila de piezas met\u00e1licas","isPartOf":{"@id":"http:\/\/www.maquimetalica.com\/maquimetalica\/#website"},"datePublished":"2017-01-10T23:19:07+00:00","dateModified":"2023-12-06T22:59:50+00:00","description":"Poniente 150 # 838 Bodega 6, Col. Industrial Vallejo Azcapotzalco, Ciudad de M\u00e9xico. Tel. (55) 5567-2321 \/ maquimetalica@mercadomachinery.com","breadcrumb":{"@id":"https:\/\/www.maquimetalica.com\/maquimetalica\/contacto\/#breadcrumb"},"inLanguage":"es","potentialAction":[{"@type":"ReadAction","target":["https:\/\/www.maquimetalica.com\/maquimetalica\/contacto\/"]}]},{"@type":"BreadcrumbList","@id":"https:\/\/www.maquimetalica.com\/maquimetalica\/contacto\/#breadcrumb","itemListElement":[{"@type":"ListItem","position":1,"name":"Inicio","item":"https:\/\/www.maquimetalica.com\/maquimetalica\/"},{"@type":"ListItem","position":2,"name":"Contacto"}]},{"@type":"WebSite","@id":"http:\/\/www.maquimetalica.com\/maquimetalica\/#website","url":"http:\/\/www.maquimetalica.com\/maquimetalica\/","name":"Maquimet\u00e1lica","description":"Su Soluci\u00f3n en Maquila de Corte, Punzonado, Doblez y Soldadura","publisher":{"@id":"http:\/\/www.maquimetalica.com\/maquimetalica\/#organization"},"potentialAction":[{"@type":"SearchAction","target":{"@type":"EntryPoint","urlTemplate":"http:\/\/www.maquimetalica.com\/maquimetalica\/?s={search_term_string}"},"query-input":{"@type":"PropertyValueSpecification","valueRequired":true,"valueName":"search_term_string"}}],"inLanguage":"es"},{"@type":"Organization","@id":"http:\/\/www.maquimetalica.com\/maquimetalica\/#organization","name":"Maquimet\u00e1lica - Maquila de piezas met\u00e1licas","url":"http:\/\/www.maquimetalica.com\/maquimetalica\/","logo":{"@type":"ImageObject","inLanguage":"es","@id":"http:\/\/www.maquimetalica.com\/maquimetalica\/#\/schema\/logo\/image\/","url":"https:\/\/www.maquimetalica.com\/maquimetalica\/wp-content\/uploads\/2016\/12\/Logotipo-Maquimetalica-2016.png","contentUrl":"https:\/\/www.maquimetalica.com\/maquimetalica\/wp-content\/uploads\/2016\/12\/Logotipo-Maquimetalica-2016.png","width":288,"height":133,"caption":"Maquimet\u00e1lica - Maquila de piezas met\u00e1licas"},"image":{"@id":"http:\/\/www.maquimetalica.com\/maquimetalica\/#\/schema\/logo\/image\/"},"sameAs":["https:\/\/www.facebook.com\/Maquimetalica\/","https:\/\/www.linkedin.com\/company-beta\/16231563\/"]}]}},"_links":{"self":[{"href":"http:\/\/www.maquimetalica.com\/maquimetalica\/wp-json\/wp\/v2\/pages\/6588","targetHints":{"allow":["GET"]}}],"collection":[{"href":"http:\/\/www.maquimetalica.com\/maquimetalica\/wp-json\/wp\/v2\/pages"}],"about":[{"href":"http:\/\/www.maquimetalica.com\/maquimetalica\/wp-json\/wp\/v2\/types\/page"}],"author":[{"embeddable":true,"href":"http:\/\/www.maquimetalica.com\/maquimetalica\/wp-json\/wp\/v2\/users\/1"}],"replies":[{"embeddable":true,"href":"http:\/\/www.maquimetalica.com\/maquimetalica\/wp-json\/wp\/v2\/comments?post=6588"}],"version-history":[{"count":0,"href":"http:\/\/www.maquimetalica.com\/maquimetalica\/wp-json\/wp\/v2\/pages\/6588\/revisions"}],"wp:attachment":[{"href":"http:\/\/www.maquimetalica.com\/maquimetalica\/wp-json\/wp\/v2\/media?parent=6588"}],"curies":[{"name":"wp","href":"https:\/\/api.w.org\/{rel}","templated":true}]}}