{"id":6606,"date":"2017-01-11T10:20:51","date_gmt":"2017-01-11T16:20:51","guid":{"rendered":"http:\/\/www.maquimetalica.com\/maquimetalica\/?page_id=6606"},"modified":"2023-11-08T17:02:01","modified_gmt":"2023-11-08T23:02:01","slug":"empresa","status":"publish","type":"page","link":"http:\/\/www.maquimetalica.com\/maquimetalica\/empresa\/","title":{"rendered":"Nuestra Empresa"},"content":{"rendered":"[vc_row type=&#8221;in_container&#8221; full_screen_row_position=&#8221;middle&#8221; bg_color=&#8221;#ffffff&#8221; scene_position=&#8221;center&#8221; text_color=&#8221;dark&#8221; text_align=&#8221;left&#8221; top_padding=&#8221;2%&#8221; bottom_padding=&#8221;2%&#8221; overlay_strength=&#8221;0.3&#8243;][vc_column column_padding=&#8221;padding-2-percent&#8221; column_padding_position=&#8221;top&#8221; background_color=&#8221;#ffffff&#8221; background_color_opacity=&#8221;1&#8243; background_hover_color_opacity=&#8221;1&#8243; top_margin=&#8221;-100&#8243; column_shadow=&#8221;none&#8221; width=&#8221;1\/1&#8243; tablet_text_alignment=&#8221;default&#8221; phone_text_alignment=&#8221;default&#8221; column_border_width=&#8221;none&#8221; column_border_style=&#8221;solid&#8221;][vc_column_text]\n<h1 style=\"text-align: center;\"><span style=\"color: #800000;\">Nuestra empresa<\/span><\/h1>\n[\/vc_column_text][divider line_type=&#8221;No Line&#8221; custom_height=&#8221;15&#8243;][vc_row_inner column_margin=&#8221;default&#8221; text_align=&#8221;left&#8221;][vc_column_inner column_padding=&#8221;padding-3-percent&#8221; column_padding_position=&#8221;left-right&#8221; background_color_opacity=&#8221;1&#8243; width=&#8221;1\/1&#8243; column_border_width=&#8221;none&#8221; column_border_style=&#8221;solid&#8221;][vc_column_text]\n<p style=\"text-align: center; font-size: 16px; line-height: 24px; color: #777; font-weight: lighter;\">Nuestro objetivo es unirnos a su l\u00ednea de producci\u00f3n para maximizar su productividad y eficiencia, reduciendo sus tiempos de entrega y aumentando sus ganancias. Hemos invertido en maquinaria CNC de \u00faltima generaci\u00f3n y en la m\u00e1s avanzada tecnolog\u00eda CAD-CAM para ofrecer la m\u00e1xima calidad y la mayor precisi\u00f3n posible.<br \/>\nAdem\u00e1s de la tecnolog\u00eda, ofrecemos sistemas de manufactura avanzados y un servicio de clase mundial.<\/p>\n[\/vc_column_text][\/vc_column_inner][\/vc_row_inner][\/vc_column][\/vc_row][vc_row type=&#8221;in_container&#8221; full_screen_row_position=&#8221;middle&#8221; scene_position=&#8221;center&#8221; text_color=&#8221;dark&#8221; text_align=&#8221;left&#8221; top_padding=&#8221;2%&#8221; overlay_strength=&#8221;0.3&#8243;][vc_column column_padding=&#8221;padding-2-percent&#8221; column_padding_position=&#8221;top&#8221; background_color_opacity=&#8221;1&#8243; background_hover_color_opacity=&#8221;1&#8243; column_shadow=&#8221;none&#8221; width=&#8221;1\/4&#8243; tablet_text_alignment=&#8221;default&#8221; phone_text_alignment=&#8221;default&#8221; column_border_width=&#8221;none&#8221; column_border_style=&#8221;solid&#8221;][\/vc_column][vc_column column_padding=&#8221;no-extra-padding&#8221; column_padding_position=&#8221;all&#8221; background_color_opacity=&#8221;1&#8243; background_hover_color_opacity=&#8221;1&#8243; column_shadow=&#8221;none&#8221; width=&#8221;1\/2&#8243; tablet_text_alignment=&#8221;default&#8221; phone_text_alignment=&#8221;default&#8221; column_border_width=&#8221;none&#8221; column_border_style=&#8221;solid&#8221;][vc_column_text]\n<h1 style=\"text-align: center;\"><span style=\"color: #777;\">Ventajas<\/span><\/h1>\n[\/vc_column_text][\/vc_column][vc_column column_padding=&#8221;no-extra-padding&#8221; column_padding_position=&#8221;all&#8221; background_color_opacity=&#8221;1&#8243; background_hover_color_opacity=&#8221;1&#8243; column_shadow=&#8221;none&#8221; width=&#8221;1\/4&#8243; tablet_text_alignment=&#8221;default&#8221; phone_text_alignment=&#8221;default&#8221; column_border_width=&#8221;none&#8221; column_border_style=&#8221;solid&#8221;][\/vc_column][\/vc_row][vc_row type=&#8221;full_width_background&#8221; full_screen_row_position=&#8221;middle&#8221; bg_image=&#8221;6615&#8243; bg_position=&#8221;left top&#8221; bg_repeat=&#8221;no-repeat&#8221; scene_position=&#8221;center&#8221; text_color=&#8221;light&#8221; text_align=&#8221;left&#8221; bottom_padding=&#8221;4%&#8221; enable_gradient=&#8221;true&#8221; color_overlay=&#8221;#f8f8f8&#8243; gradient_direction=&#8221;top_to_bottom&#8221; overlay_strength=&#8221;1&#8243;][vc_column enable_animation=&#8221;true&#8221; animation=&#8221;none&#8221; centered_text=&#8221;true&#8221; column_padding=&#8221;padding-3-percent&#8221; column_padding_position=&#8221;all&#8221; background_color_opacity=&#8221;1&#8243; background_hover_color_opacity=&#8221;1&#8243; column_shadow=&#8221;none&#8221; width=&#8221;1\/4&#8243; tablet_text_alignment=&#8221;default&#8221; phone_text_alignment=&#8221;default&#8221; column_border_width=&#8221;none&#8221; column_border_style=&#8221;solid&#8221;][vc_column_text]<i class=\"icon-3x fa fa-usd extra-color-1\"><i class=\"circle-border\"><\/i><\/i>[\/vc_column_text][divider line_type=&#8221;No Line&#8221; custom_height=&#8221;20&#8243;][vc_column_text]\n<h4><span style=\"color: #666;\">Piezas met\u00e1licas de precisi\u00f3n a precios competitivos<\/span><\/h4>\n[\/vc_column_text][\/vc_column][vc_column enable_animation=&#8221;true&#8221; animation=&#8221;none&#8221; centered_text=&#8221;true&#8221; column_padding=&#8221;padding-3-percent&#8221; column_padding_position=&#8221;all&#8221; background_color_opacity=&#8221;1&#8243; background_hover_color_opacity=&#8221;1&#8243; column_shadow=&#8221;none&#8221; width=&#8221;1\/4&#8243; tablet_text_alignment=&#8221;default&#8221; phone_text_alignment=&#8221;default&#8221; column_border_width=&#8221;none&#8221; column_border_style=&#8221;solid&#8221;][vc_column_text]<i class=\"icon-3x fa fa-object-ungroup extra-color-1\"><i class=\"circle-border\"><\/i><\/i>[\/vc_column_text][divider line_type=&#8221;No Line&#8221; custom_height=&#8221;20&#8243;][vc_column_text]\n<h4 style=\"text-align: center;\"><span style=\"color: #666;\">Procesamos acero al carb\u00f3n, inoxidable, aluminio y otros materiales<\/span><\/h4>\n[\/vc_column_text][\/vc_column][vc_column enable_animation=&#8221;true&#8221; animation=&#8221;none&#8221; centered_text=&#8221;true&#8221; column_padding=&#8221;padding-3-percent&#8221; column_padding_position=&#8221;all&#8221; background_color_opacity=&#8221;1&#8243; background_hover_color_opacity=&#8221;1&#8243; column_shadow=&#8221;none&#8221; width=&#8221;1\/4&#8243; tablet_text_alignment=&#8221;default&#8221; phone_text_alignment=&#8221;default&#8221; column_border_width=&#8221;none&#8221; column_border_style=&#8221;solid&#8221;][vc_column_text]<i class=\"icon-3x fa fa-sign-out extra-color-1\"><i class=\"circle-border\"><\/i><\/i>[\/vc_column_text][divider line_type=&#8221;No Line&#8221; custom_height=&#8221;20&#8243;][vc_column_text]\n<h4 style=\"text-align: center;\"><span style=\"color: #666;\">Alta capacidad de producci\u00f3n con tecnolog\u00eda de punta<\/span><\/h4>\n[\/vc_column_text][\/vc_column][vc_column enable_animation=&#8221;true&#8221; animation=&#8221;none&#8221; centered_text=&#8221;true&#8221; column_padding=&#8221;padding-3-percent&#8221; column_padding_position=&#8221;all&#8221; background_color_opacity=&#8221;1&#8243; background_hover_color_opacity=&#8221;1&#8243; column_shadow=&#8221;none&#8221; width=&#8221;1\/4&#8243; tablet_text_alignment=&#8221;default&#8221; phone_text_alignment=&#8221;default&#8221; column_border_width=&#8221;none&#8221; column_border_style=&#8221;solid&#8221;][vc_column_text]<i class=\"icon-3x fa fa-truck extra-color-1\"><i class=\"circle-border\"><\/i><\/i>[\/vc_column_text][divider line_type=&#8221;No Line&#8221; custom_height=&#8221;20&#8243;][vc_column_text]\n<h4 style=\"text-align: center;\"><span style=\"color: #666;\">Entregas puntuales, resultado de nuestra redundancia en m\u00e1quinas<\/span><\/h4>\n[\/vc_column_text][\/vc_column][\/vc_row][vc_row type=&#8221;full_width_background&#8221; full_screen_row_position=&#8221;middle&#8221; bg_color=&#8221;#f46523&#8243; scene_position=&#8221;center&#8221; text_color=&#8221;dark&#8221; text_align=&#8221;left&#8221; top_padding=&#8221;8&#8243; overlay_strength=&#8221;0.3&#8243;][vc_column column_padding=&#8221;no-extra-padding&#8221; column_padding_position=&#8221;all&#8221; background_color_opacity=&#8221;1&#8243; background_hover_color_opacity=&#8221;1&#8243; column_shadow=&#8221;none&#8221; width=&#8221;1\/1&#8243; tablet_text_alignment=&#8221;default&#8221; phone_text_alignment=&#8221;default&#8221; column_border_width=&#8221;none&#8221; column_border_style=&#8221;solid&#8221;][\/vc_column][\/vc_row][vc_row type=&#8221;full_width_background&#8221; full_screen_row_position=&#8221;middle&#8221; bg_color=&#8221;#1c1c1c&#8221; scene_position=&#8221;center&#8221; text_color=&#8221;dark&#8221; text_align=&#8221;left&#8221; overlay_strength=&#8221;0.3&#8243;][vc_column column_padding=&#8221;no-extra-padding&#8221; column_padding_position=&#8221;all&#8221; background_color_opacity=&#8221;1&#8243; background_hover_color_opacity=&#8221;1&#8243; column_shadow=&#8221;none&#8221; width=&#8221;1\/1&#8243; tablet_text_alignment=&#8221;default&#8221; phone_text_alignment=&#8221;default&#8221; column_border_width=&#8221;none&#8221; column_border_style=&#8221;solid&#8221;][\/vc_column][divider line_type=&#8221;No Line&#8221; custom_height=&#8221;30&#8243;][\/vc_row]\n","protected":false},"excerpt":{"rendered":"<p>[vc_row type=&#8221;in_container&#8221; full_screen_row_position=&#8221;middle&#8221; bg_color=&#8221;#ffffff&#8221; scene_position=&#8221;center&#8221; text_color=&#8221;dark&#8221; text_align=&#8221;left&#8221; top_padding=&#8221;2%&#8221; bottom_padding=&#8221;2%&#8221; overlay_strength=&#8221;0.3&#8243;][vc_column column_padding=&#8221;padding-2-percent&#8221; column_padding_position=&#8221;top&#8221; background_color=&#8221;#ffffff&#8221; background_color_opacity=&#8221;1&#8243; background_hover_color_opacity=&#8221;1&#8243; top_margin=&#8221;-100&#8243; column_shadow=&#8221;none&#8221; width=&#8221;1\/1&#8243; tablet_text_alignment=&#8221;default&#8221; phone_text_alignment=&#8221;default&#8221; column_border_width=&#8221;none&#8221; column_border_style=&#8221;solid&#8221;][vc_column_text] Nuestra empresa [\/vc_column_text][divider line_type=&#8221;No Line&#8221; custom_height=&#8221;15&#8243;][vc_row_inner column_margin=&#8221;default&#8221; text_align=&#8221;left&#8221;][vc_column_inner&#8230;<\/p>\n","protected":false},"author":1,"featured_media":0,"parent":0,"menu_order":0,"comment_status":"closed","ping_status":"closed","template":"","meta":{"footnotes":""},"class_list":["post-6606","page","type-page","status-publish"],"yoast_head":"<!-- This site is optimized with the Yoast SEO plugin v26.8 - https:\/\/yoast.com\/product\/yoast-seo-wordpress\/ -->\n<title>Nuestra Empresa \u2022 Maquimet\u00e1lica - Maquila de piezas met\u00e1licas<\/title>\n<meta name=\"description\" content=\"El objetivo de nuestra empresa es unirnos a su l\u00ednea de producci\u00f3n para maximizar su productividad, reduciendo tiempo de entrega y aumentando su ganancia.\" \/>\n<meta name=\"robots\" content=\"index, follow, max-snippet:-1, max-image-preview:large, max-video-preview:-1\" \/>\n<link rel=\"canonical\" href=\"https:\/\/www.maquimetalica.com\/maquimetalica\/empresa\/\" \/>\n<meta property=\"og:locale\" content=\"es_MX\" \/>\n<meta property=\"og:type\" content=\"article\" \/>\n<meta property=\"og:title\" content=\"Nuestra Empresa \u2022 Maquimet\u00e1lica - Maquila de piezas met\u00e1licas\" \/>\n<meta property=\"og:description\" content=\"El objetivo de nuestra empresa es unirnos a su l\u00ednea de producci\u00f3n para maximizar su productividad, reduciendo tiempo de entrega y aumentando su ganancia.\" \/>\n<meta property=\"og:url\" content=\"https:\/\/www.maquimetalica.com\/maquimetalica\/empresa\/\" \/>\n<meta property=\"og:site_name\" content=\"Maquimet\u00e1lica\" \/>\n<meta property=\"article:publisher\" content=\"https:\/\/www.facebook.com\/Maquimetalica\/\" \/>\n<meta property=\"article:modified_time\" content=\"2023-11-08T23:02:01+00:00\" \/>\n<meta name=\"twitter:card\" content=\"summary_large_image\" \/>\n<meta name=\"twitter:label1\" content=\"Tiempo de lectura\" \/>\n\t<meta name=\"twitter:data1\" content=\"2 minutos\" \/>\n<script type=\"application\/ld+json\" class=\"yoast-schema-graph\">{\"@context\":\"https:\/\/schema.org\",\"@graph\":[{\"@type\":\"WebPage\",\"@id\":\"https:\/\/www.maquimetalica.com\/maquimetalica\/empresa\/\",\"url\":\"https:\/\/www.maquimetalica.com\/maquimetalica\/empresa\/\",\"name\":\"Nuestra Empresa \u2022 Maquimet\u00e1lica - Maquila de piezas met\u00e1licas\",\"isPartOf\":{\"@id\":\"http:\/\/www.maquimetalica.com\/maquimetalica\/#website\"},\"datePublished\":\"2017-01-11T16:20:51+00:00\",\"dateModified\":\"2023-11-08T23:02:01+00:00\",\"description\":\"El objetivo de nuestra empresa es unirnos a su l\u00ednea de producci\u00f3n para maximizar su productividad, reduciendo tiempo de entrega y aumentando su ganancia.\",\"breadcrumb\":{\"@id\":\"https:\/\/www.maquimetalica.com\/maquimetalica\/empresa\/#breadcrumb\"},\"inLanguage\":\"es\",\"potentialAction\":[{\"@type\":\"ReadAction\",\"target\":[\"https:\/\/www.maquimetalica.com\/maquimetalica\/empresa\/\"]}]},{\"@type\":\"BreadcrumbList\",\"@id\":\"https:\/\/www.maquimetalica.com\/maquimetalica\/empresa\/#breadcrumb\",\"itemListElement\":[{\"@type\":\"ListItem\",\"position\":1,\"name\":\"Inicio\",\"item\":\"https:\/\/www.maquimetalica.com\/maquimetalica\/\"},{\"@type\":\"ListItem\",\"position\":2,\"name\":\"Nuestra Empresa\"}]},{\"@type\":\"WebSite\",\"@id\":\"http:\/\/www.maquimetalica.com\/maquimetalica\/#website\",\"url\":\"http:\/\/www.maquimetalica.com\/maquimetalica\/\",\"name\":\"Maquimet\u00e1lica\",\"description\":\"Su Soluci\u00f3n en Maquila de Corte, Punzonado, Doblez y Soldadura\",\"publisher\":{\"@id\":\"http:\/\/www.maquimetalica.com\/maquimetalica\/#organization\"},\"potentialAction\":[{\"@type\":\"SearchAction\",\"target\":{\"@type\":\"EntryPoint\",\"urlTemplate\":\"http:\/\/www.maquimetalica.com\/maquimetalica\/?s={search_term_string}\"},\"query-input\":{\"@type\":\"PropertyValueSpecification\",\"valueRequired\":true,\"valueName\":\"search_term_string\"}}],\"inLanguage\":\"es\"},{\"@type\":\"Organization\",\"@id\":\"http:\/\/www.maquimetalica.com\/maquimetalica\/#organization\",\"name\":\"Maquimet\u00e1lica - Maquila de piezas met\u00e1licas\",\"url\":\"http:\/\/www.maquimetalica.com\/maquimetalica\/\",\"logo\":{\"@type\":\"ImageObject\",\"inLanguage\":\"es\",\"@id\":\"http:\/\/www.maquimetalica.com\/maquimetalica\/#\/schema\/logo\/image\/\",\"url\":\"https:\/\/www.maquimetalica.com\/maquimetalica\/wp-content\/uploads\/2016\/12\/Logotipo-Maquimetalica-2016.png\",\"contentUrl\":\"https:\/\/www.maquimetalica.com\/maquimetalica\/wp-content\/uploads\/2016\/12\/Logotipo-Maquimetalica-2016.png\",\"width\":288,\"height\":133,\"caption\":\"Maquimet\u00e1lica - Maquila de piezas met\u00e1licas\"},\"image\":{\"@id\":\"http:\/\/www.maquimetalica.com\/maquimetalica\/#\/schema\/logo\/image\/\"},\"sameAs\":[\"https:\/\/www.facebook.com\/Maquimetalica\/\",\"https:\/\/www.linkedin.com\/company-beta\/16231563\/\"]}]}<\/script>\n<!-- \/ Yoast SEO plugin. -->","yoast_head_json":{"title":"Nuestra Empresa \u2022 Maquimet\u00e1lica - Maquila de piezas met\u00e1licas","description":"El objetivo de nuestra empresa es unirnos a su l\u00ednea de producci\u00f3n para maximizar su productividad, reduciendo tiempo de entrega y aumentando su ganancia.","robots":{"index":"index","follow":"follow","max-snippet":"max-snippet:-1","max-image-preview":"max-image-preview:large","max-video-preview":"max-video-preview:-1"},"canonical":"https:\/\/www.maquimetalica.com\/maquimetalica\/empresa\/","og_locale":"es_MX","og_type":"article","og_title":"Nuestra Empresa \u2022 Maquimet\u00e1lica - Maquila de piezas met\u00e1licas","og_description":"El objetivo de nuestra empresa es unirnos a su l\u00ednea de producci\u00f3n para maximizar su productividad, reduciendo tiempo de entrega y aumentando su ganancia.","og_url":"https:\/\/www.maquimetalica.com\/maquimetalica\/empresa\/","og_site_name":"Maquimet\u00e1lica","article_publisher":"https:\/\/www.facebook.com\/Maquimetalica\/","article_modified_time":"2023-11-08T23:02:01+00:00","twitter_card":"summary_large_image","twitter_misc":{"Tiempo de lectura":"2 minutos"},"schema":{"@context":"https:\/\/schema.org","@graph":[{"@type":"WebPage","@id":"https:\/\/www.maquimetalica.com\/maquimetalica\/empresa\/","url":"https:\/\/www.maquimetalica.com\/maquimetalica\/empresa\/","name":"Nuestra Empresa \u2022 Maquimet\u00e1lica - Maquila de piezas met\u00e1licas","isPartOf":{"@id":"http:\/\/www.maquimetalica.com\/maquimetalica\/#website"},"datePublished":"2017-01-11T16:20:51+00:00","dateModified":"2023-11-08T23:02:01+00:00","description":"El objetivo de nuestra empresa es unirnos a su l\u00ednea de producci\u00f3n para maximizar su productividad, reduciendo tiempo de entrega y aumentando su ganancia.","breadcrumb":{"@id":"https:\/\/www.maquimetalica.com\/maquimetalica\/empresa\/#breadcrumb"},"inLanguage":"es","potentialAction":[{"@type":"ReadAction","target":["https:\/\/www.maquimetalica.com\/maquimetalica\/empresa\/"]}]},{"@type":"BreadcrumbList","@id":"https:\/\/www.maquimetalica.com\/maquimetalica\/empresa\/#breadcrumb","itemListElement":[{"@type":"ListItem","position":1,"name":"Inicio","item":"https:\/\/www.maquimetalica.com\/maquimetalica\/"},{"@type":"ListItem","position":2,"name":"Nuestra Empresa"}]},{"@type":"WebSite","@id":"http:\/\/www.maquimetalica.com\/maquimetalica\/#website","url":"http:\/\/www.maquimetalica.com\/maquimetalica\/","name":"Maquimet\u00e1lica","description":"Su Soluci\u00f3n en Maquila de Corte, Punzonado, Doblez y Soldadura","publisher":{"@id":"http:\/\/www.maquimetalica.com\/maquimetalica\/#organization"},"potentialAction":[{"@type":"SearchAction","target":{"@type":"EntryPoint","urlTemplate":"http:\/\/www.maquimetalica.com\/maquimetalica\/?s={search_term_string}"},"query-input":{"@type":"PropertyValueSpecification","valueRequired":true,"valueName":"search_term_string"}}],"inLanguage":"es"},{"@type":"Organization","@id":"http:\/\/www.maquimetalica.com\/maquimetalica\/#organization","name":"Maquimet\u00e1lica - Maquila de piezas met\u00e1licas","url":"http:\/\/www.maquimetalica.com\/maquimetalica\/","logo":{"@type":"ImageObject","inLanguage":"es","@id":"http:\/\/www.maquimetalica.com\/maquimetalica\/#\/schema\/logo\/image\/","url":"https:\/\/www.maquimetalica.com\/maquimetalica\/wp-content\/uploads\/2016\/12\/Logotipo-Maquimetalica-2016.png","contentUrl":"https:\/\/www.maquimetalica.com\/maquimetalica\/wp-content\/uploads\/2016\/12\/Logotipo-Maquimetalica-2016.png","width":288,"height":133,"caption":"Maquimet\u00e1lica - Maquila de piezas met\u00e1licas"},"image":{"@id":"http:\/\/www.maquimetalica.com\/maquimetalica\/#\/schema\/logo\/image\/"},"sameAs":["https:\/\/www.facebook.com\/Maquimetalica\/","https:\/\/www.linkedin.com\/company-beta\/16231563\/"]}]}},"_links":{"self":[{"href":"http:\/\/www.maquimetalica.com\/maquimetalica\/wp-json\/wp\/v2\/pages\/6606","targetHints":{"allow":["GET"]}}],"collection":[{"href":"http:\/\/www.maquimetalica.com\/maquimetalica\/wp-json\/wp\/v2\/pages"}],"about":[{"href":"http:\/\/www.maquimetalica.com\/maquimetalica\/wp-json\/wp\/v2\/types\/page"}],"author":[{"embeddable":true,"href":"http:\/\/www.maquimetalica.com\/maquimetalica\/wp-json\/wp\/v2\/users\/1"}],"replies":[{"embeddable":true,"href":"http:\/\/www.maquimetalica.com\/maquimetalica\/wp-json\/wp\/v2\/comments?post=6606"}],"version-history":[{"count":0,"href":"http:\/\/www.maquimetalica.com\/maquimetalica\/wp-json\/wp\/v2\/pages\/6606\/revisions"}],"wp:attachment":[{"href":"http:\/\/www.maquimetalica.com\/maquimetalica\/wp-json\/wp\/v2\/media?parent=6606"}],"curies":[{"name":"wp","href":"https:\/\/api.w.org\/{rel}","templated":true}]}}