{"id":10362,"date":"2026-01-30T17:18:30","date_gmt":"2026-01-30T23:18:30","guid":{"rendered":"https:\/\/www.maquimetalica.com\/maquimetalica\/?page_id=10362"},"modified":"2026-02-03T09:32:57","modified_gmt":"2026-02-03T15:32:57","slug":"aviso-de-privacidad","status":"publish","type":"page","link":"https:\/\/www.maquimetalica.com\/maquimetalica\/aviso-de-privacidad\/","title":{"rendered":"Aviso de Privacidad"},"content":{"rendered":"[vc_row type=&#8221;in_container&#8221; full_screen_row_position=&#8221;middle&#8221; column_margin=&#8221;default&#8221; column_direction=&#8221;default&#8221; column_direction_tablet=&#8221;default&#8221; column_direction_phone=&#8221;default&#8221; bg_color=&#8221;#ffffff&#8221; scene_position=&#8221;center&#8221; top_padding=&#8221;2%&#8221; bottom_padding=&#8221;2%&#8221; text_color=&#8221;dark&#8221; text_align=&#8221;left&#8221; row_border_radius=&#8221;none&#8221; row_border_radius_applies=&#8221;bg&#8221; overflow=&#8221;visible&#8221; overlay_strength=&#8221;0.3&#8243; gradient_direction=&#8221;left_to_right&#8221; shape_divider_position=&#8221;bottom&#8221; bg_image_animation=&#8221;none&#8221;][vc_column column_padding=&#8221;padding-2-percent&#8221; column_padding_tablet=&#8221;inherit&#8221; column_padding_phone=&#8221;inherit&#8221; column_padding_position=&#8221;top&#8221; top_margin=&#8221;-100&#8243; column_element_direction_desktop=&#8221;default&#8221; column_element_spacing=&#8221;default&#8221; desktop_text_alignment=&#8221;default&#8221; tablet_text_alignment=&#8221;default&#8221; phone_text_alignment=&#8221;default&#8221; background_color=&#8221;#ffffff&#8221; background_color_opacity=&#8221;1&#8243; background_hover_color_opacity=&#8221;1&#8243; column_backdrop_filter=&#8221;none&#8221; column_shadow=&#8221;none&#8221; column_border_radius=&#8221;none&#8221; column_link_target=&#8221;_self&#8221; column_position=&#8221;default&#8221; gradient_direction=&#8221;left_to_right&#8221; overlay_strength=&#8221;0.3&#8243; width=&#8221;1\/1&#8243; tablet_width_inherit=&#8221;default&#8221; animation_type=&#8221;default&#8221; bg_image_animation=&#8221;none&#8221; border_type=&#8221;simple&#8221; column_border_width=&#8221;none&#8221; column_border_style=&#8221;solid&#8221;][divider line_type=&#8221;No Line&#8221; custom_height=&#8221;30&#8243;][vc_column_text]\n<h1 style=\"text-align: center;\"><span style=\"color: #000000;\">Aviso de Privacidad<\/span><\/h1>\n[\/vc_column_text][divider line_type=&#8221;No Line&#8221; custom_height=&#8221;15&#8243;][vc_row_inner column_margin=&#8221;default&#8221; column_direction=&#8221;default&#8221; column_direction_tablet=&#8221;default&#8221; column_direction_phone=&#8221;default&#8221; text_align=&#8221;left&#8221; row_position=&#8221;default&#8221; row_position_tablet=&#8221;inherit&#8221; row_position_phone=&#8221;inherit&#8221; overflow=&#8221;visible&#8221; pointer_events=&#8221;all&#8221;][vc_column_inner column_padding=&#8221;padding-3-percent&#8221; column_padding_tablet=&#8221;inherit&#8221; column_padding_phone=&#8221;inherit&#8221; column_padding_position=&#8221;left-right&#8221; column_element_direction_desktop=&#8221;default&#8221; column_element_spacing=&#8221;default&#8221; desktop_text_alignment=&#8221;default&#8221; tablet_text_alignment=&#8221;default&#8221; phone_text_alignment=&#8221;default&#8221; background_color_opacity=&#8221;1&#8243; background_hover_color_opacity=&#8221;1&#8243; column_backdrop_filter=&#8221;none&#8221; column_shadow=&#8221;none&#8221; column_border_radius=&#8221;none&#8221; column_link_target=&#8221;_self&#8221; overflow=&#8221;visible&#8221; gradient_direction=&#8221;left_to_right&#8221; overlay_strength=&#8221;0.3&#8243; width=&#8221;1\/1&#8243; tablet_width_inherit=&#8221;default&#8221; animation_type=&#8221;default&#8221; bg_image_animation=&#8221;none&#8221; border_type=&#8221;simple&#8221; column_border_width=&#8221;none&#8221; column_border_style=&#8221;solid&#8221;][vc_column_text]\n<p style=\"text-align: center; font-size: 16px; line-height: 24px; color: #777; font-weight: lighter;\"><strong>MAQUIMET\u00c1LICA S.A. DE C.V.<\/strong><\/p>\n<p>El presente Aviso de Privacidad tiene por objeto informar la manera en que M\u00c1QUIMETALICA, S.A. DE C.V. (en adelante \u201cM\u00c1QUIMETALICA\u201d), tiene su domicilio en calle Poniente 150 # 838 Bodega 6, Col. Industrial Vallejo, Azcapotzalco, Ciudad de M\u00e9xico, M\u00c9XICO. Nuestro portal de internet oficial es https:\/\/maquimetalica.com\/ . MAQUIMET\u00c1LICA se dedica a la fabricaci\u00f3n de otros productos met\u00e1licos.<\/p>\n<p>MAQUIMET\u00c1LICA recaba, utiliza, protege y trata los datos personales que son proporcionados por sus clientes, proveedores, usuarios y cualquier persona que mantenga contacto con nuestra empresa. MAQUIMET\u00c1LICA, es responsable del uso y protecci\u00f3n de la informaci\u00f3n personal que recabamos.<\/p>\n<p>Para cumplir con las actividades inherentes a esta pr\u00e1ctica comercial e industrial, recabamos datos personales de identificaci\u00f3n y contacto, tales como nombre, domicilio, acta constitutiva, poderes, tel\u00e9fono, correo electr\u00f3nico, datos bancarios, etc. La informaci\u00f3n se obtiene cuando son proporcionados directamente, al visitar el sitio de internet, de forma telef\u00f3nica, por correo electr\u00f3nico y cualquier canal de comunicaci\u00f3n digital o bien por as\u00ed requer\u00edrselo al cliente para ofrecer un servicio integral. Los datos personales que se utilizan para las finalidades descritas en el presente depender\u00e1n del servicio que sea requerido por el cliente. MAQUIMET\u00c1LICA no recaba datos personales sensibles.<\/p>\n<p>El tratamiento de los datos personales que recabamos de los clientes consiste principalmente en ser utilizados para brindar los servicios y productos que nuestros clientes solicitan, as\u00ed como para dar cumplimiento a las obligaciones comerciales, operativas y legales derivadas de nuestra relaci\u00f3n de negocios. Entre estas finalidades se encuentra: a) evaluar la calidad del servicio que le brindamos; b) gesti\u00f3n financiera, facturaci\u00f3n y cobro; c) dar cumplimiento a las obligaciones y compromisos que hemos contra\u00eddo con usted; d) proveer los servicios solicitados y\/o contratados; e) mercadotecnia o publicitaria; f) prospecci\u00f3n comercial y g) estrategia empresarial. Estas acciones pueden incluir el env\u00edo de correos electr\u00f3nicos, llamadas, boletines informativos, encuestas o mensajes promocionales relacionados con los productos y servicios que ofrece la empresa.<\/p>\n<p>En caso de que el titular no desee que sus datos personales sean utilizados para los fines anteriormente mencionados, o desee ejercer sus derechos de acceso, rectificaci\u00f3n, cancelaci\u00f3n u oposici\u00f3n (ARCO), as\u00ed como limitar el tratamiento de sus datos personales o revocar el consentimiento otorgado, debe comunicarlo directamente al correo electr\u00f3nico vbasaguren@mercadomachinery.com , proporcionando su nombre completo, un medio para recibir notificaciones y la descripci\u00f3n del derecho que desea ejercer. Comprometi\u00e9ndonos a proporcionar una respuesta en un plazo no mayor a 10 (diez) d\u00edas h\u00e1biles. Sin embargo, es importante que tenga en cuenta que no en todos los casos podremos atender su solicitud de forma inmediata, ya que es posible que por alguna obligaci\u00f3n legal requiramos seguir tratando con sus datos personales. La negativa en el uso de datos personales para estos fines no ser\u00e1 motivo para negar los servicios o productos que solicite o contrate con nosotros.<\/p>\n<p>Nos reservamos el derecho a efectuar en cualquier momento modificaciones o actualizaciones al presente aviso de privacidad para la atenci\u00f3n de nuevas disposiciones normativas, pol\u00edticas internas o nuevos requerimientos, las cuales ser\u00e1n informadas de manera oportuna a trav\u00e9s de nuestro portal de internet.<\/p>\n<p>Si usted considera que su derecho de protecci\u00f3n de datos personales ha sido lesionado por alguna conducta de nuestro equipo de trabajo, o bien presume que en el tratamiento de sus datos personales existe alguna violaci\u00f3n a las disposiciones legales en la materia podr\u00e1 interponer la queja o denuncia correspondiente ante la Secretar\u00eda Anticorrupci\u00f3n y Buen Gobierno, para m\u00e1s informaci\u00f3n visite su portal de internet.[\/vc_column_text][\/vc_column_inner][\/vc_row_inner][\/vc_column][\/vc_row][vc_row type=&#8221;full_width_background&#8221; full_screen_row_position=&#8221;middle&#8221; column_margin=&#8221;default&#8221; column_direction=&#8221;default&#8221; column_direction_tablet=&#8221;default&#8221; column_direction_phone=&#8221;default&#8221; bg_color=&#8221;#1c1c1c&#8221; scene_position=&#8221;center&#8221; text_color=&#8221;dark&#8221; text_align=&#8221;left&#8221; row_border_radius=&#8221;none&#8221; row_border_radius_applies=&#8221;bg&#8221; overflow=&#8221;visible&#8221; overlay_strength=&#8221;0.3&#8243; gradient_direction=&#8221;left_to_right&#8221; shape_divider_position=&#8221;bottom&#8221; bg_image_animation=&#8221;none&#8221;][vc_column column_padding=&#8221;no-extra-padding&#8221; column_padding_tablet=&#8221;inherit&#8221; column_padding_phone=&#8221;inherit&#8221; column_padding_position=&#8221;all&#8221; column_element_direction_desktop=&#8221;default&#8221; column_element_spacing=&#8221;default&#8221; desktop_text_alignment=&#8221;default&#8221; tablet_text_alignment=&#8221;default&#8221; phone_text_alignment=&#8221;default&#8221; background_color_opacity=&#8221;1&#8243; background_hover_color_opacity=&#8221;1&#8243; column_backdrop_filter=&#8221;none&#8221; column_shadow=&#8221;none&#8221; column_border_radius=&#8221;none&#8221; column_link_target=&#8221;_self&#8221; column_position=&#8221;default&#8221; gradient_direction=&#8221;left_to_right&#8221; overlay_strength=&#8221;0.3&#8243; width=&#8221;1\/1&#8243; tablet_width_inherit=&#8221;default&#8221; animation_type=&#8221;default&#8221; bg_image_animation=&#8221;none&#8221; border_type=&#8221;simple&#8221; column_border_width=&#8221;none&#8221; column_border_style=&#8221;solid&#8221;][\/vc_column][divider line_type=&#8221;No Line&#8221; custom_height=&#8221;30&#8243;][\/vc_row]\n","protected":false},"excerpt":{"rendered":"<p>[vc_row type=&#8221;in_container&#8221; full_screen_row_position=&#8221;middle&#8221; column_margin=&#8221;default&#8221; column_direction=&#8221;default&#8221; column_direction_tablet=&#8221;default&#8221; column_direction_phone=&#8221;default&#8221; bg_color=&#8221;#ffffff&#8221; scene_position=&#8221;center&#8221; top_padding=&#8221;2%&#8221; bottom_padding=&#8221;2%&#8221; text_color=&#8221;dark&#8221; text_align=&#8221;left&#8221; row_border_radius=&#8221;none&#8221; row_border_radius_applies=&#8221;bg&#8221; overflow=&#8221;visible&#8221; overlay_strength=&#8221;0.3&#8243; gradient_direction=&#8221;left_to_right&#8221; shape_divider_position=&#8221;bottom&#8221; bg_image_animation=&#8221;none&#8221;][vc_column column_padding=&#8221;padding-2-percent&#8221; column_padding_tablet=&#8221;inherit&#8221; column_padding_phone=&#8221;inherit&#8221; column_padding_position=&#8221;top&#8221; top_margin=&#8221;-100&#8243; column_element_direction_desktop=&#8221;default&#8221; column_element_spacing=&#8221;default&#8221; desktop_text_alignment=&#8221;default&#8221; tablet_text_alignment=&#8221;default&#8221; phone_text_alignment=&#8221;default&#8221;&#8230;<\/p>\n","protected":false},"author":1,"featured_media":0,"parent":0,"menu_order":0,"comment_status":"closed","ping_status":"closed","template":"","meta":{"footnotes":""},"class_list":["post-10362","page","type-page","status-publish"],"yoast_head":"<!-- This site is optimized with the Yoast SEO plugin v26.8 - https:\/\/yoast.com\/product\/yoast-seo-wordpress\/ -->\n<title>Aviso de Privacidad\u2022 Maquimet\u00e1lica - Maquila de piezas met\u00e1licas<\/title>\n<meta name=\"description\" content=\"El objetivo de nuestra empresa es unirnos a su l\u00ednea de producci\u00f3n para maximizar su productividad, reduciendo tiempo de entrega y aumentando su ganancia.\" \/>\n<meta name=\"robots\" content=\"index, follow, max-snippet:-1, max-image-preview:large, max-video-preview:-1\" \/>\n<link rel=\"canonical\" href=\"https:\/\/www.maquimetalica.com\/maquimetalica\/aviso-de-privacidad\/\" \/>\n<meta property=\"og:locale\" content=\"es_MX\" \/>\n<meta property=\"og:type\" content=\"article\" \/>\n<meta property=\"og:title\" content=\"Aviso de Privacidad\u2022 Maquimet\u00e1lica - Maquila de piezas met\u00e1licas\" \/>\n<meta property=\"og:description\" content=\"El objetivo de nuestra empresa es unirnos a su l\u00ednea de producci\u00f3n para maximizar su productividad, reduciendo tiempo de entrega y aumentando su ganancia.\" \/>\n<meta property=\"og:url\" content=\"https:\/\/www.maquimetalica.com\/maquimetalica\/aviso-de-privacidad\/\" \/>\n<meta property=\"og:site_name\" content=\"Maquimet\u00e1lica\" \/>\n<meta property=\"article:publisher\" content=\"https:\/\/www.facebook.com\/Maquimetalica\/\" \/>\n<meta property=\"article:modified_time\" content=\"2026-02-03T15:32:57+00:00\" \/>\n<meta name=\"twitter:card\" content=\"summary_large_image\" \/>\n<meta name=\"twitter:label1\" content=\"Tiempo de lectura\" \/>\n\t<meta name=\"twitter:data1\" content=\"4 minutos\" \/>\n<script type=\"application\/ld+json\" class=\"yoast-schema-graph\">{\"@context\":\"https:\/\/schema.org\",\"@graph\":[{\"@type\":\"WebPage\",\"@id\":\"https:\/\/www.maquimetalica.com\/maquimetalica\/aviso-de-privacidad\/\",\"url\":\"https:\/\/www.maquimetalica.com\/maquimetalica\/aviso-de-privacidad\/\",\"name\":\"Aviso de Privacidad\u2022 Maquimet\u00e1lica - Maquila de piezas met\u00e1licas\",\"isPartOf\":{\"@id\":\"http:\/\/www.maquimetalica.com\/maquimetalica\/#website\"},\"datePublished\":\"2026-01-30T23:18:30+00:00\",\"dateModified\":\"2026-02-03T15:32:57+00:00\",\"description\":\"El objetivo de nuestra empresa es unirnos a su l\u00ednea de producci\u00f3n para maximizar su productividad, reduciendo tiempo de entrega y aumentando su ganancia.\",\"breadcrumb\":{\"@id\":\"https:\/\/www.maquimetalica.com\/maquimetalica\/aviso-de-privacidad\/#breadcrumb\"},\"inLanguage\":\"es\",\"potentialAction\":[{\"@type\":\"ReadAction\",\"target\":[\"https:\/\/www.maquimetalica.com\/maquimetalica\/aviso-de-privacidad\/\"]}]},{\"@type\":\"BreadcrumbList\",\"@id\":\"https:\/\/www.maquimetalica.com\/maquimetalica\/aviso-de-privacidad\/#breadcrumb\",\"itemListElement\":[{\"@type\":\"ListItem\",\"position\":1,\"name\":\"Inicio\",\"item\":\"https:\/\/www.maquimetalica.com\/maquimetalica\/\"},{\"@type\":\"ListItem\",\"position\":2,\"name\":\"Aviso de Privacidad\"}]},{\"@type\":\"WebSite\",\"@id\":\"http:\/\/www.maquimetalica.com\/maquimetalica\/#website\",\"url\":\"http:\/\/www.maquimetalica.com\/maquimetalica\/\",\"name\":\"Maquimet\u00e1lica\",\"description\":\"Su Soluci\u00f3n en Maquila de Corte, Punzonado, Doblez y Soldadura\",\"publisher\":{\"@id\":\"http:\/\/www.maquimetalica.com\/maquimetalica\/#organization\"},\"potentialAction\":[{\"@type\":\"SearchAction\",\"target\":{\"@type\":\"EntryPoint\",\"urlTemplate\":\"http:\/\/www.maquimetalica.com\/maquimetalica\/?s={search_term_string}\"},\"query-input\":{\"@type\":\"PropertyValueSpecification\",\"valueRequired\":true,\"valueName\":\"search_term_string\"}}],\"inLanguage\":\"es\"},{\"@type\":\"Organization\",\"@id\":\"http:\/\/www.maquimetalica.com\/maquimetalica\/#organization\",\"name\":\"Maquimet\u00e1lica - Maquila de piezas met\u00e1licas\",\"url\":\"http:\/\/www.maquimetalica.com\/maquimetalica\/\",\"logo\":{\"@type\":\"ImageObject\",\"inLanguage\":\"es\",\"@id\":\"http:\/\/www.maquimetalica.com\/maquimetalica\/#\/schema\/logo\/image\/\",\"url\":\"https:\/\/www.maquimetalica.com\/maquimetalica\/wp-content\/uploads\/2016\/12\/Logotipo-Maquimetalica-2016.png\",\"contentUrl\":\"https:\/\/www.maquimetalica.com\/maquimetalica\/wp-content\/uploads\/2016\/12\/Logotipo-Maquimetalica-2016.png\",\"width\":288,\"height\":133,\"caption\":\"Maquimet\u00e1lica - Maquila de piezas met\u00e1licas\"},\"image\":{\"@id\":\"http:\/\/www.maquimetalica.com\/maquimetalica\/#\/schema\/logo\/image\/\"},\"sameAs\":[\"https:\/\/www.facebook.com\/Maquimetalica\/\",\"https:\/\/www.linkedin.com\/company-beta\/16231563\/\"]}]}<\/script>\n<!-- \/ Yoast SEO plugin. -->","yoast_head_json":{"title":"Aviso de Privacidad\u2022 Maquimet\u00e1lica - Maquila de piezas met\u00e1licas","description":"El objetivo de nuestra empresa es unirnos a su l\u00ednea de producci\u00f3n para maximizar su productividad, reduciendo tiempo de entrega y aumentando su ganancia.","robots":{"index":"index","follow":"follow","max-snippet":"max-snippet:-1","max-image-preview":"max-image-preview:large","max-video-preview":"max-video-preview:-1"},"canonical":"https:\/\/www.maquimetalica.com\/maquimetalica\/aviso-de-privacidad\/","og_locale":"es_MX","og_type":"article","og_title":"Aviso de Privacidad\u2022 Maquimet\u00e1lica - Maquila de piezas met\u00e1licas","og_description":"El objetivo de nuestra empresa es unirnos a su l\u00ednea de producci\u00f3n para maximizar su productividad, reduciendo tiempo de entrega y aumentando su ganancia.","og_url":"https:\/\/www.maquimetalica.com\/maquimetalica\/aviso-de-privacidad\/","og_site_name":"Maquimet\u00e1lica","article_publisher":"https:\/\/www.facebook.com\/Maquimetalica\/","article_modified_time":"2026-02-03T15:32:57+00:00","twitter_card":"summary_large_image","twitter_misc":{"Tiempo de lectura":"4 minutos"},"schema":{"@context":"https:\/\/schema.org","@graph":[{"@type":"WebPage","@id":"https:\/\/www.maquimetalica.com\/maquimetalica\/aviso-de-privacidad\/","url":"https:\/\/www.maquimetalica.com\/maquimetalica\/aviso-de-privacidad\/","name":"Aviso de Privacidad\u2022 Maquimet\u00e1lica - Maquila de piezas met\u00e1licas","isPartOf":{"@id":"http:\/\/www.maquimetalica.com\/maquimetalica\/#website"},"datePublished":"2026-01-30T23:18:30+00:00","dateModified":"2026-02-03T15:32:57+00:00","description":"El objetivo de nuestra empresa es unirnos a su l\u00ednea de producci\u00f3n para maximizar su productividad, reduciendo tiempo de entrega y aumentando su ganancia.","breadcrumb":{"@id":"https:\/\/www.maquimetalica.com\/maquimetalica\/aviso-de-privacidad\/#breadcrumb"},"inLanguage":"es","potentialAction":[{"@type":"ReadAction","target":["https:\/\/www.maquimetalica.com\/maquimetalica\/aviso-de-privacidad\/"]}]},{"@type":"BreadcrumbList","@id":"https:\/\/www.maquimetalica.com\/maquimetalica\/aviso-de-privacidad\/#breadcrumb","itemListElement":[{"@type":"ListItem","position":1,"name":"Inicio","item":"https:\/\/www.maquimetalica.com\/maquimetalica\/"},{"@type":"ListItem","position":2,"name":"Aviso de Privacidad"}]},{"@type":"WebSite","@id":"http:\/\/www.maquimetalica.com\/maquimetalica\/#website","url":"http:\/\/www.maquimetalica.com\/maquimetalica\/","name":"Maquimet\u00e1lica","description":"Su Soluci\u00f3n en Maquila de Corte, Punzonado, Doblez y Soldadura","publisher":{"@id":"http:\/\/www.maquimetalica.com\/maquimetalica\/#organization"},"potentialAction":[{"@type":"SearchAction","target":{"@type":"EntryPoint","urlTemplate":"http:\/\/www.maquimetalica.com\/maquimetalica\/?s={search_term_string}"},"query-input":{"@type":"PropertyValueSpecification","valueRequired":true,"valueName":"search_term_string"}}],"inLanguage":"es"},{"@type":"Organization","@id":"http:\/\/www.maquimetalica.com\/maquimetalica\/#organization","name":"Maquimet\u00e1lica - Maquila de piezas met\u00e1licas","url":"http:\/\/www.maquimetalica.com\/maquimetalica\/","logo":{"@type":"ImageObject","inLanguage":"es","@id":"http:\/\/www.maquimetalica.com\/maquimetalica\/#\/schema\/logo\/image\/","url":"https:\/\/www.maquimetalica.com\/maquimetalica\/wp-content\/uploads\/2016\/12\/Logotipo-Maquimetalica-2016.png","contentUrl":"https:\/\/www.maquimetalica.com\/maquimetalica\/wp-content\/uploads\/2016\/12\/Logotipo-Maquimetalica-2016.png","width":288,"height":133,"caption":"Maquimet\u00e1lica - Maquila de piezas met\u00e1licas"},"image":{"@id":"http:\/\/www.maquimetalica.com\/maquimetalica\/#\/schema\/logo\/image\/"},"sameAs":["https:\/\/www.facebook.com\/Maquimetalica\/","https:\/\/www.linkedin.com\/company-beta\/16231563\/"]}]}},"_links":{"self":[{"href":"https:\/\/www.maquimetalica.com\/maquimetalica\/wp-json\/wp\/v2\/pages\/10362","targetHints":{"allow":["GET"]}}],"collection":[{"href":"https:\/\/www.maquimetalica.com\/maquimetalica\/wp-json\/wp\/v2\/pages"}],"about":[{"href":"https:\/\/www.maquimetalica.com\/maquimetalica\/wp-json\/wp\/v2\/types\/page"}],"author":[{"embeddable":true,"href":"https:\/\/www.maquimetalica.com\/maquimetalica\/wp-json\/wp\/v2\/users\/1"}],"replies":[{"embeddable":true,"href":"https:\/\/www.maquimetalica.com\/maquimetalica\/wp-json\/wp\/v2\/comments?post=10362"}],"version-history":[{"count":0,"href":"https:\/\/www.maquimetalica.com\/maquimetalica\/wp-json\/wp\/v2\/pages\/10362\/revisions"}],"wp:attachment":[{"href":"https:\/\/www.maquimetalica.com\/maquimetalica\/wp-json\/wp\/v2\/media?parent=10362"}],"curies":[{"name":"wp","href":"https:\/\/api.w.org\/{rel}","templated":true}]}}